{"id":2613,"date":"2023-08-19T14:17:27","date_gmt":"2023-08-19T14:17:27","guid":{"rendered":"https:\/\/brnteknoloji.com.tr\/?post_type=product&#038;p=2613"},"modified":"2023-08-19T14:17:28","modified_gmt":"2023-08-19T14:17:28","slug":"box-pc-android","status":"publish","type":"product","link":"https:\/\/brnteknoloji.com.tr\/index.php\/urun\/box-pc-android\/","title":{"rendered":"Box PC Android"},"content":{"rendered":"<p>Android RK3288<br \/>\nBox PC Android<br \/>\nResistive ve Projected Capacitive Dokunmatik Ekran Se\u00e7enekleri<br \/>\n2 x USB 2.0, 1 x Ethernet, 2 x RS232,1 x Rj-11<br \/>\nEstetik Fans\u0131z Tasar\u0131m<br \/>\nWi-fi,bluetooth,Ethernet Ba\u011flant\u0131lar\u0131<br \/>\nMetal G\u00f6vde<br \/>\n\u00d6n Panelden IP65 Seviyesinde S\u0131zd\u0131rmazl\u0131k Yal\u0131t\u0131m\u0131<br \/>\nVESA Montaj Yuvalar\u0131<br \/>\n2 Y\u0131l Garanti<\/p>\n","protected":false},"excerpt":{"rendered":"<p>Android RK3288 Box PC Android Resistive ve Projected Capacitive Dokunmatik Ekran Se\u00e7enekleri 2 x USB 2.0, 1 x Ethernet, 2 x RS232,1 x Rj-11 Estetik Fans\u0131z Tasar\u0131m Wi-fi,bluetooth,Ethernet Ba\u011flant\u0131lar\u0131 Metal<\/p>\n","protected":false},"featured_media":2614,"comment_status":"open","ping_status":"closed","template":"","meta":[],"product_cat":[516],"product_tag":[],"class_list":["post-2613","product","type-product","status-publish","has-post-thumbnail","hentry","product_brand-posclass","product_cat-boxpc"],"yoast_head":"<!-- This site is optimized with the Yoast SEO plugin v21.5 - https:\/\/yoast.com\/wordpress\/plugins\/seo\/ -->\n<title>Box PC Android - BRN GROUP<\/title>\n<meta name=\"robots\" content=\"index, follow, max-snippet:-1, max-image-preview:large, max-video-preview:-1\" \/>\n<link rel=\"canonical\" href=\"https:\/\/brnteknoloji.com.tr\/index.php\/urun\/box-pc-android\/\" \/>\n<meta property=\"og:locale\" content=\"tr_TR\" \/>\n<meta property=\"og:type\" content=\"article\" \/>\n<meta property=\"og:title\" content=\"Box PC Android - BRN GROUP\" \/>\n<meta property=\"og:description\" content=\"Android RK3288 Box PC Android Resistive ve Projected Capacitive Dokunmatik Ekran Se\u00e7enekleri 2 x USB 2.0, 1 x Ethernet, 2 x RS232,1 x Rj-11 Estetik Fans\u0131z Tasar\u0131m Wi-fi,bluetooth,Ethernet Ba\u011flant\u0131lar\u0131 Metal\" \/>\n<meta property=\"og:url\" content=\"https:\/\/brnteknoloji.com.tr\/index.php\/urun\/box-pc-android\/\" \/>\n<meta property=\"og:site_name\" content=\"BRN GROUP\" \/>\n<meta property=\"article:modified_time\" content=\"2023-08-19T14:17:28+00:00\" \/>\n<meta property=\"og:image\" content=\"https:\/\/brnteknoloji.com.tr\/wp-content\/uploads\/2023\/08\/a1.jpg\" \/>\n\t<meta property=\"og:image:width\" content=\"400\" \/>\n\t<meta property=\"og:image:height\" content=\"400\" \/>\n\t<meta property=\"og:image:type\" content=\"image\/jpeg\" \/>\n<meta name=\"twitter:card\" content=\"summary_large_image\" \/>\n<script type=\"application\/ld+json\" class=\"yoast-schema-graph\">{\"@context\":\"https:\/\/schema.org\",\"@graph\":[{\"@type\":\"WebPage\",\"@id\":\"https:\/\/brnteknoloji.com.tr\/index.php\/urun\/box-pc-android\/\",\"url\":\"https:\/\/brnteknoloji.com.tr\/index.php\/urun\/box-pc-android\/\",\"name\":\"Box PC Android - BRN GROUP\",\"isPartOf\":{\"@id\":\"https:\/\/brnteknoloji.com.tr\/#website\"},\"datePublished\":\"2023-08-19T14:17:27+00:00\",\"dateModified\":\"2023-08-19T14:17:28+00:00\",\"breadcrumb\":{\"@id\":\"https:\/\/brnteknoloji.com.tr\/index.php\/urun\/box-pc-android\/#breadcrumb\"},\"inLanguage\":\"tr\",\"potentialAction\":[{\"@type\":\"ReadAction\",\"target\":[\"https:\/\/brnteknoloji.com.tr\/index.php\/urun\/box-pc-android\/\"]}]},{\"@type\":\"BreadcrumbList\",\"@id\":\"https:\/\/brnteknoloji.com.tr\/index.php\/urun\/box-pc-android\/#breadcrumb\",\"itemListElement\":[{\"@type\":\"ListItem\",\"position\":1,\"name\":\"Anasayfa\",\"item\":\"https:\/\/brnteknoloji.com.tr\/\"},{\"@type\":\"ListItem\",\"position\":2,\"name\":\"\u00dcR\u00dcNLER\u0130M\u0130Z\",\"item\":\"https:\/\/brnteknoloji.com.tr\/index.php\/magaza\/\"},{\"@type\":\"ListItem\",\"position\":3,\"name\":\"Box PC Android\"}]},{\"@type\":\"WebSite\",\"@id\":\"https:\/\/brnteknoloji.com.tr\/#website\",\"url\":\"https:\/\/brnteknoloji.com.tr\/\",\"name\":\"BRN GROUP\",\"description\":\"\",\"publisher\":{\"@id\":\"https:\/\/brnteknoloji.com.tr\/#organization\"},\"potentialAction\":[{\"@type\":\"SearchAction\",\"target\":{\"@type\":\"EntryPoint\",\"urlTemplate\":\"https:\/\/brnteknoloji.com.tr\/?s={search_term_string}\"},\"query-input\":\"required name=search_term_string\"}],\"inLanguage\":\"tr\"},{\"@type\":\"Organization\",\"@id\":\"https:\/\/brnteknoloji.com.tr\/#organization\",\"name\":\"BRN GROUP\",\"url\":\"https:\/\/brnteknoloji.com.tr\/\",\"logo\":{\"@type\":\"ImageObject\",\"inLanguage\":\"tr\",\"@id\":\"https:\/\/brnteknoloji.com.tr\/#\/schema\/logo\/image\/\",\"url\":\"https:\/\/brnteknoloji.com.tr\/wp-content\/uploads\/2023\/08\/brngroup_logo.png\",\"contentUrl\":\"https:\/\/brnteknoloji.com.tr\/wp-content\/uploads\/2023\/08\/brngroup_logo.png\",\"width\":1022,\"height\":566,\"caption\":\"BRN GROUP\"},\"image\":{\"@id\":\"https:\/\/brnteknoloji.com.tr\/#\/schema\/logo\/image\/\"}}]}<\/script>\n<!-- \/ Yoast SEO plugin. -->","yoast_head_json":{"title":"Box PC Android - BRN GROUP","robots":{"index":"index","follow":"follow","max-snippet":"max-snippet:-1","max-image-preview":"max-image-preview:large","max-video-preview":"max-video-preview:-1"},"canonical":"https:\/\/brnteknoloji.com.tr\/index.php\/urun\/box-pc-android\/","og_locale":"tr_TR","og_type":"article","og_title":"Box PC Android - BRN GROUP","og_description":"Android RK3288 Box PC Android Resistive ve Projected Capacitive Dokunmatik Ekran Se\u00e7enekleri 2 x USB 2.0, 1 x Ethernet, 2 x RS232,1 x Rj-11 Estetik Fans\u0131z Tasar\u0131m Wi-fi,bluetooth,Ethernet Ba\u011flant\u0131lar\u0131 Metal","og_url":"https:\/\/brnteknoloji.com.tr\/index.php\/urun\/box-pc-android\/","og_site_name":"BRN GROUP","article_modified_time":"2023-08-19T14:17:28+00:00","og_image":[{"width":400,"height":400,"url":"https:\/\/brnteknoloji.com.tr\/wp-content\/uploads\/2023\/08\/a1.jpg","type":"image\/jpeg"}],"twitter_card":"summary_large_image","schema":{"@context":"https:\/\/schema.org","@graph":[{"@type":"WebPage","@id":"https:\/\/brnteknoloji.com.tr\/index.php\/urun\/box-pc-android\/","url":"https:\/\/brnteknoloji.com.tr\/index.php\/urun\/box-pc-android\/","name":"Box PC Android - BRN GROUP","isPartOf":{"@id":"https:\/\/brnteknoloji.com.tr\/#website"},"datePublished":"2023-08-19T14:17:27+00:00","dateModified":"2023-08-19T14:17:28+00:00","breadcrumb":{"@id":"https:\/\/brnteknoloji.com.tr\/index.php\/urun\/box-pc-android\/#breadcrumb"},"inLanguage":"tr","potentialAction":[{"@type":"ReadAction","target":["https:\/\/brnteknoloji.com.tr\/index.php\/urun\/box-pc-android\/"]}]},{"@type":"BreadcrumbList","@id":"https:\/\/brnteknoloji.com.tr\/index.php\/urun\/box-pc-android\/#breadcrumb","itemListElement":[{"@type":"ListItem","position":1,"name":"Anasayfa","item":"https:\/\/brnteknoloji.com.tr\/"},{"@type":"ListItem","position":2,"name":"\u00dcR\u00dcNLER\u0130M\u0130Z","item":"https:\/\/brnteknoloji.com.tr\/index.php\/magaza\/"},{"@type":"ListItem","position":3,"name":"Box PC Android"}]},{"@type":"WebSite","@id":"https:\/\/brnteknoloji.com.tr\/#website","url":"https:\/\/brnteknoloji.com.tr\/","name":"BRN GROUP","description":"","publisher":{"@id":"https:\/\/brnteknoloji.com.tr\/#organization"},"potentialAction":[{"@type":"SearchAction","target":{"@type":"EntryPoint","urlTemplate":"https:\/\/brnteknoloji.com.tr\/?s={search_term_string}"},"query-input":"required name=search_term_string"}],"inLanguage":"tr"},{"@type":"Organization","@id":"https:\/\/brnteknoloji.com.tr\/#organization","name":"BRN GROUP","url":"https:\/\/brnteknoloji.com.tr\/","logo":{"@type":"ImageObject","inLanguage":"tr","@id":"https:\/\/brnteknoloji.com.tr\/#\/schema\/logo\/image\/","url":"https:\/\/brnteknoloji.com.tr\/wp-content\/uploads\/2023\/08\/brngroup_logo.png","contentUrl":"https:\/\/brnteknoloji.com.tr\/wp-content\/uploads\/2023\/08\/brngroup_logo.png","width":1022,"height":566,"caption":"BRN GROUP"},"image":{"@id":"https:\/\/brnteknoloji.com.tr\/#\/schema\/logo\/image\/"}}]}},"_links":{"self":[{"href":"https:\/\/brnteknoloji.com.tr\/index.php\/wp-json\/wp\/v2\/product\/2613","targetHints":{"allow":["GET"]}}],"collection":[{"href":"https:\/\/brnteknoloji.com.tr\/index.php\/wp-json\/wp\/v2\/product"}],"about":[{"href":"https:\/\/brnteknoloji.com.tr\/index.php\/wp-json\/wp\/v2\/types\/product"}],"replies":[{"embeddable":true,"href":"https:\/\/brnteknoloji.com.tr\/index.php\/wp-json\/wp\/v2\/comments?post=2613"}],"wp:featuredmedia":[{"embeddable":true,"href":"https:\/\/brnteknoloji.com.tr\/index.php\/wp-json\/wp\/v2\/media\/2614"}],"wp:attachment":[{"href":"https:\/\/brnteknoloji.com.tr\/index.php\/wp-json\/wp\/v2\/media?parent=2613"}],"wp:term":[{"taxonomy":"product_cat","embeddable":true,"href":"https:\/\/brnteknoloji.com.tr\/index.php\/wp-json\/wp\/v2\/product_cat?post=2613"},{"taxonomy":"product_tag","embeddable":true,"href":"https:\/\/brnteknoloji.com.tr\/index.php\/wp-json\/wp\/v2\/product_tag?post=2613"}],"curies":[{"name":"wp","href":"https:\/\/api.w.org\/{rel}","templated":true}]}}