{"id":2602,"date":"2023-08-19T14:07:08","date_gmt":"2023-08-19T14:07:08","guid":{"rendered":"https:\/\/brnteknoloji.com.tr\/?post_type=product&#038;p=2602"},"modified":"2023-08-19T14:07:09","modified_gmt":"2023-08-19T14:07:09","slug":"tx-1010fgn-10-1-fiyat-gor","status":"publish","type":"product","link":"https:\/\/brnteknoloji.com.tr\/index.php\/urun\/tx-1010fgn-10-1-fiyat-gor\/","title":{"rendered":"TX-1010FGN 10.1&#8221; F\u0130YAT G\u00d6R"},"content":{"rendered":"<p>&#8211; 10.1&#8221; Fiyat G\u00f6r<br \/>\n&#8211; Y\u00fcksek Kaliteli Kasa,Metal G\u00f6vde<br \/>\n&#8211; Fans\u0131z So\u011futma (Havaland\u0131rma Yok)<br \/>\n&#8211; \u00c7oklu Ba\u011flant\u0131 Se\u00e7enekleri 4 x USB 2.0 ,1 x RJ-11 ,1 x RS-232<br \/>\n&#8211; Bluetooth \/ W\u0130-F\u0130 \/ Ethernet<br \/>\n&#8211; \u00d6n Panelden IP65 Seviyesinde S\u0131zd\u0131rmazl\u0131k Yal\u0131t\u0131m\u0131<br \/>\n&#8211; Vesa Montaj Yuvalar\u0131<br \/>\n&#8211; 2 Y\u0131l Garanti<\/p>\n","protected":false},"excerpt":{"rendered":"<p>&#8211; 10.1&#8221; Fiyat G\u00f6r &#8211; Y\u00fcksek Kaliteli Kasa,Metal G\u00f6vde &#8211; Fans\u0131z So\u011futma (Havaland\u0131rma Yok) &#8211; \u00c7oklu Ba\u011flant\u0131 Se\u00e7enekleri 4 x USB 2.0 ,1 x RJ-11 ,1 x RS-232 &#8211; Bluetooth<\/p>\n","protected":false},"featured_media":2603,"comment_status":"open","ping_status":"closed","template":"","meta":[],"product_cat":[515],"product_tag":[],"class_list":["post-2602","product","type-product","status-publish","has-post-thumbnail","hentry","product_brand-posclass","product_cat-fiyatgorvekiosk"],"yoast_head":"<!-- This site is optimized with the Yoast SEO plugin v21.5 - https:\/\/yoast.com\/wordpress\/plugins\/seo\/ -->\n<title>TX-1010FGN 10.1&#039;&#039; F\u0130YAT G\u00d6R - BRN GROUP<\/title>\n<meta name=\"robots\" content=\"index, follow, max-snippet:-1, max-image-preview:large, max-video-preview:-1\" \/>\n<link rel=\"canonical\" href=\"https:\/\/brnteknoloji.com.tr\/index.php\/urun\/tx-1010fgn-10-1-fiyat-gor\/\" \/>\n<meta property=\"og:locale\" content=\"tr_TR\" \/>\n<meta property=\"og:type\" content=\"article\" \/>\n<meta property=\"og:title\" content=\"TX-1010FGN 10.1&#039;&#039; F\u0130YAT G\u00d6R - BRN GROUP\" \/>\n<meta property=\"og:description\" content=\"&#8211; 10.1&#8221; Fiyat G\u00f6r &#8211; Y\u00fcksek Kaliteli Kasa,Metal G\u00f6vde &#8211; Fans\u0131z So\u011futma (Havaland\u0131rma Yok) &#8211; \u00c7oklu Ba\u011flant\u0131 Se\u00e7enekleri 4 x USB 2.0 ,1 x RJ-11 ,1 x RS-232 &#8211; Bluetooth\" \/>\n<meta property=\"og:url\" content=\"https:\/\/brnteknoloji.com.tr\/index.php\/urun\/tx-1010fgn-10-1-fiyat-gor\/\" \/>\n<meta property=\"og:site_name\" content=\"BRN GROUP\" \/>\n<meta property=\"article:modified_time\" content=\"2023-08-19T14:07:09+00:00\" \/>\n<meta property=\"og:image\" content=\"https:\/\/brnteknoloji.com.tr\/wp-content\/uploads\/2023\/08\/fiyatgor.png\" \/>\n\t<meta property=\"og:image:width\" content=\"300\" \/>\n\t<meta property=\"og:image:height\" content=\"300\" \/>\n\t<meta property=\"og:image:type\" content=\"image\/png\" \/>\n<meta name=\"twitter:card\" content=\"summary_large_image\" \/>\n<script type=\"application\/ld+json\" class=\"yoast-schema-graph\">{\"@context\":\"https:\/\/schema.org\",\"@graph\":[{\"@type\":\"WebPage\",\"@id\":\"https:\/\/brnteknoloji.com.tr\/index.php\/urun\/tx-1010fgn-10-1-fiyat-gor\/\",\"url\":\"https:\/\/brnteknoloji.com.tr\/index.php\/urun\/tx-1010fgn-10-1-fiyat-gor\/\",\"name\":\"TX-1010FGN 10.1'' F\u0130YAT G\u00d6R - BRN GROUP\",\"isPartOf\":{\"@id\":\"https:\/\/brnteknoloji.com.tr\/#website\"},\"datePublished\":\"2023-08-19T14:07:08+00:00\",\"dateModified\":\"2023-08-19T14:07:09+00:00\",\"breadcrumb\":{\"@id\":\"https:\/\/brnteknoloji.com.tr\/index.php\/urun\/tx-1010fgn-10-1-fiyat-gor\/#breadcrumb\"},\"inLanguage\":\"tr\",\"potentialAction\":[{\"@type\":\"ReadAction\",\"target\":[\"https:\/\/brnteknoloji.com.tr\/index.php\/urun\/tx-1010fgn-10-1-fiyat-gor\/\"]}]},{\"@type\":\"BreadcrumbList\",\"@id\":\"https:\/\/brnteknoloji.com.tr\/index.php\/urun\/tx-1010fgn-10-1-fiyat-gor\/#breadcrumb\",\"itemListElement\":[{\"@type\":\"ListItem\",\"position\":1,\"name\":\"Anasayfa\",\"item\":\"https:\/\/brnteknoloji.com.tr\/\"},{\"@type\":\"ListItem\",\"position\":2,\"name\":\"\u00dcR\u00dcNLER\u0130M\u0130Z\",\"item\":\"https:\/\/brnteknoloji.com.tr\/index.php\/magaza\/\"},{\"@type\":\"ListItem\",\"position\":3,\"name\":\"TX-1010FGN 10.1&#8221; F\u0130YAT G\u00d6R\"}]},{\"@type\":\"WebSite\",\"@id\":\"https:\/\/brnteknoloji.com.tr\/#website\",\"url\":\"https:\/\/brnteknoloji.com.tr\/\",\"name\":\"BRN GROUP\",\"description\":\"\",\"publisher\":{\"@id\":\"https:\/\/brnteknoloji.com.tr\/#organization\"},\"potentialAction\":[{\"@type\":\"SearchAction\",\"target\":{\"@type\":\"EntryPoint\",\"urlTemplate\":\"https:\/\/brnteknoloji.com.tr\/?s={search_term_string}\"},\"query-input\":\"required name=search_term_string\"}],\"inLanguage\":\"tr\"},{\"@type\":\"Organization\",\"@id\":\"https:\/\/brnteknoloji.com.tr\/#organization\",\"name\":\"BRN GROUP\",\"url\":\"https:\/\/brnteknoloji.com.tr\/\",\"logo\":{\"@type\":\"ImageObject\",\"inLanguage\":\"tr\",\"@id\":\"https:\/\/brnteknoloji.com.tr\/#\/schema\/logo\/image\/\",\"url\":\"https:\/\/brnteknoloji.com.tr\/wp-content\/uploads\/2023\/08\/brngroup_logo.png\",\"contentUrl\":\"https:\/\/brnteknoloji.com.tr\/wp-content\/uploads\/2023\/08\/brngroup_logo.png\",\"width\":1022,\"height\":566,\"caption\":\"BRN GROUP\"},\"image\":{\"@id\":\"https:\/\/brnteknoloji.com.tr\/#\/schema\/logo\/image\/\"}}]}<\/script>\n<!-- \/ Yoast SEO plugin. -->","yoast_head_json":{"title":"TX-1010FGN 10.1'' F\u0130YAT G\u00d6R - BRN GROUP","robots":{"index":"index","follow":"follow","max-snippet":"max-snippet:-1","max-image-preview":"max-image-preview:large","max-video-preview":"max-video-preview:-1"},"canonical":"https:\/\/brnteknoloji.com.tr\/index.php\/urun\/tx-1010fgn-10-1-fiyat-gor\/","og_locale":"tr_TR","og_type":"article","og_title":"TX-1010FGN 10.1'' F\u0130YAT G\u00d6R - BRN GROUP","og_description":"&#8211; 10.1&#8221; Fiyat G\u00f6r &#8211; Y\u00fcksek Kaliteli Kasa,Metal G\u00f6vde &#8211; Fans\u0131z So\u011futma (Havaland\u0131rma Yok) &#8211; \u00c7oklu Ba\u011flant\u0131 Se\u00e7enekleri 4 x USB 2.0 ,1 x RJ-11 ,1 x RS-232 &#8211; Bluetooth","og_url":"https:\/\/brnteknoloji.com.tr\/index.php\/urun\/tx-1010fgn-10-1-fiyat-gor\/","og_site_name":"BRN GROUP","article_modified_time":"2023-08-19T14:07:09+00:00","og_image":[{"width":300,"height":300,"url":"https:\/\/brnteknoloji.com.tr\/wp-content\/uploads\/2023\/08\/fiyatgor.png","type":"image\/png"}],"twitter_card":"summary_large_image","schema":{"@context":"https:\/\/schema.org","@graph":[{"@type":"WebPage","@id":"https:\/\/brnteknoloji.com.tr\/index.php\/urun\/tx-1010fgn-10-1-fiyat-gor\/","url":"https:\/\/brnteknoloji.com.tr\/index.php\/urun\/tx-1010fgn-10-1-fiyat-gor\/","name":"TX-1010FGN 10.1'' F\u0130YAT G\u00d6R - BRN GROUP","isPartOf":{"@id":"https:\/\/brnteknoloji.com.tr\/#website"},"datePublished":"2023-08-19T14:07:08+00:00","dateModified":"2023-08-19T14:07:09+00:00","breadcrumb":{"@id":"https:\/\/brnteknoloji.com.tr\/index.php\/urun\/tx-1010fgn-10-1-fiyat-gor\/#breadcrumb"},"inLanguage":"tr","potentialAction":[{"@type":"ReadAction","target":["https:\/\/brnteknoloji.com.tr\/index.php\/urun\/tx-1010fgn-10-1-fiyat-gor\/"]}]},{"@type":"BreadcrumbList","@id":"https:\/\/brnteknoloji.com.tr\/index.php\/urun\/tx-1010fgn-10-1-fiyat-gor\/#breadcrumb","itemListElement":[{"@type":"ListItem","position":1,"name":"Anasayfa","item":"https:\/\/brnteknoloji.com.tr\/"},{"@type":"ListItem","position":2,"name":"\u00dcR\u00dcNLER\u0130M\u0130Z","item":"https:\/\/brnteknoloji.com.tr\/index.php\/magaza\/"},{"@type":"ListItem","position":3,"name":"TX-1010FGN 10.1&#8221; F\u0130YAT G\u00d6R"}]},{"@type":"WebSite","@id":"https:\/\/brnteknoloji.com.tr\/#website","url":"https:\/\/brnteknoloji.com.tr\/","name":"BRN GROUP","description":"","publisher":{"@id":"https:\/\/brnteknoloji.com.tr\/#organization"},"potentialAction":[{"@type":"SearchAction","target":{"@type":"EntryPoint","urlTemplate":"https:\/\/brnteknoloji.com.tr\/?s={search_term_string}"},"query-input":"required name=search_term_string"}],"inLanguage":"tr"},{"@type":"Organization","@id":"https:\/\/brnteknoloji.com.tr\/#organization","name":"BRN GROUP","url":"https:\/\/brnteknoloji.com.tr\/","logo":{"@type":"ImageObject","inLanguage":"tr","@id":"https:\/\/brnteknoloji.com.tr\/#\/schema\/logo\/image\/","url":"https:\/\/brnteknoloji.com.tr\/wp-content\/uploads\/2023\/08\/brngroup_logo.png","contentUrl":"https:\/\/brnteknoloji.com.tr\/wp-content\/uploads\/2023\/08\/brngroup_logo.png","width":1022,"height":566,"caption":"BRN GROUP"},"image":{"@id":"https:\/\/brnteknoloji.com.tr\/#\/schema\/logo\/image\/"}}]}},"_links":{"self":[{"href":"https:\/\/brnteknoloji.com.tr\/index.php\/wp-json\/wp\/v2\/product\/2602","targetHints":{"allow":["GET"]}}],"collection":[{"href":"https:\/\/brnteknoloji.com.tr\/index.php\/wp-json\/wp\/v2\/product"}],"about":[{"href":"https:\/\/brnteknoloji.com.tr\/index.php\/wp-json\/wp\/v2\/types\/product"}],"replies":[{"embeddable":true,"href":"https:\/\/brnteknoloji.com.tr\/index.php\/wp-json\/wp\/v2\/comments?post=2602"}],"wp:featuredmedia":[{"embeddable":true,"href":"https:\/\/brnteknoloji.com.tr\/index.php\/wp-json\/wp\/v2\/media\/2603"}],"wp:attachment":[{"href":"https:\/\/brnteknoloji.com.tr\/index.php\/wp-json\/wp\/v2\/media?parent=2602"}],"wp:term":[{"taxonomy":"product_cat","embeddable":true,"href":"https:\/\/brnteknoloji.com.tr\/index.php\/wp-json\/wp\/v2\/product_cat?post=2602"},{"taxonomy":"product_tag","embeddable":true,"href":"https:\/\/brnteknoloji.com.tr\/index.php\/wp-json\/wp\/v2\/product_tag?post=2602"}],"curies":[{"name":"wp","href":"https:\/\/api.w.org\/{rel}","templated":true}]}}