{"id":2584,"date":"2023-08-19T13:58:46","date_gmt":"2023-08-19T13:58:46","guid":{"rendered":"https:\/\/brnteknoloji.com.tr\/?post_type=product&#038;p=2584"},"modified":"2023-08-19T13:58:47","modified_gmt":"2023-08-19T13:58:47","slug":"a-1850s-18-5-android-dokunmatik-bilgisayar","status":"publish","type":"product","link":"https:\/\/brnteknoloji.com.tr\/index.php\/urun\/a-1850s-18-5-android-dokunmatik-bilgisayar\/","title":{"rendered":"A-1850S 18.5&#8221; Android Dokunmatik Bilgisayar"},"content":{"rendered":"<p>-B\u00fct\u00fcnle\u015fik Ekran<br \/>\n-Dokunmatik Ekran; 5 Telli Diren\u00e7li Resistive Dokunmatik<br \/>\n-Y\u00fcksek Kaliteli Kasa,Al\u00fcminyum D\u00f6k\u00fcm &#038; Plastik<br \/>\n-Rockchip RK3288 Quad Core Cortex-A17 1.8 GHz Processor<br \/>\n-Fans\u0131z So\u011futma (Havaland\u0131rma Yok)<br \/>\n-\u00c7oklu Ba\u011flant\u0131 Se\u00e7enekleri 4 x USB 2.0, 1 x RJ-11, 1 x RS232<br \/>\n-Bluetooth \/ W\u0130-F\u0130 \/ Ethernet<br \/>\n-1366 X 768 HD \u00c7\u00f6z\u00fcn\u00fcrl\u00fck<br \/>\n-Vesa Montaj Yuvalar\u0131<br \/>\n-2 Y\u0131l Garanti<\/p>\n","protected":false},"excerpt":{"rendered":"<p>-B\u00fct\u00fcnle\u015fik Ekran -Dokunmatik Ekran; 5 Telli Diren\u00e7li Resistive Dokunmatik -Y\u00fcksek Kaliteli Kasa,Al\u00fcminyum D\u00f6k\u00fcm &#038; Plastik -Rockchip RK3288 Quad Core Cortex-A17 1.8 GHz Processor -Fans\u0131z So\u011futma (Havaland\u0131rma Yok) -\u00c7oklu Ba\u011flant\u0131 Se\u00e7enekleri<\/p>\n","protected":false},"featured_media":2586,"comment_status":"open","ping_status":"closed","template":"","meta":[],"product_cat":[514],"product_tag":[],"class_list":["post-2584","product","type-product","status-publish","has-post-thumbnail","hentry","product_brand-posturk","product_cat-androidpospc"],"yoast_head":"<!-- This site is optimized with the Yoast SEO plugin v21.5 - https:\/\/yoast.com\/wordpress\/plugins\/seo\/ -->\n<title>A-1850S 18.5&#039;&#039; Android Dokunmatik Bilgisayar - BRN GROUP<\/title>\n<meta name=\"robots\" content=\"index, follow, max-snippet:-1, max-image-preview:large, max-video-preview:-1\" \/>\n<link rel=\"canonical\" href=\"https:\/\/brnteknoloji.com.tr\/index.php\/urun\/a-1850s-18-5-android-dokunmatik-bilgisayar\/\" \/>\n<meta property=\"og:locale\" content=\"tr_TR\" \/>\n<meta property=\"og:type\" content=\"article\" \/>\n<meta property=\"og:title\" content=\"A-1850S 18.5&#039;&#039; Android Dokunmatik Bilgisayar - BRN GROUP\" \/>\n<meta property=\"og:description\" content=\"-B\u00fct\u00fcnle\u015fik Ekran -Dokunmatik Ekran; 5 Telli Diren\u00e7li Resistive Dokunmatik -Y\u00fcksek Kaliteli Kasa,Al\u00fcminyum D\u00f6k\u00fcm &#038; Plastik -Rockchip RK3288 Quad Core Cortex-A17 1.8 GHz Processor -Fans\u0131z So\u011futma (Havaland\u0131rma Yok) -\u00c7oklu Ba\u011flant\u0131 Se\u00e7enekleri\" \/>\n<meta property=\"og:url\" content=\"https:\/\/brnteknoloji.com.tr\/index.php\/urun\/a-1850s-18-5-android-dokunmatik-bilgisayar\/\" \/>\n<meta property=\"og:site_name\" content=\"BRN GROUP\" \/>\n<meta property=\"article:modified_time\" content=\"2023-08-19T13:58:47+00:00\" \/>\n<meta property=\"og:image\" content=\"https:\/\/brnteknoloji.com.tr\/wp-content\/uploads\/2023\/08\/desmak-06-05-20190782-1024x683-1.png\" \/>\n\t<meta property=\"og:image:width\" content=\"1024\" \/>\n\t<meta property=\"og:image:height\" content=\"683\" \/>\n\t<meta property=\"og:image:type\" content=\"image\/png\" \/>\n<meta name=\"twitter:card\" content=\"summary_large_image\" \/>\n<script type=\"application\/ld+json\" class=\"yoast-schema-graph\">{\"@context\":\"https:\/\/schema.org\",\"@graph\":[{\"@type\":\"WebPage\",\"@id\":\"https:\/\/brnteknoloji.com.tr\/index.php\/urun\/a-1850s-18-5-android-dokunmatik-bilgisayar\/\",\"url\":\"https:\/\/brnteknoloji.com.tr\/index.php\/urun\/a-1850s-18-5-android-dokunmatik-bilgisayar\/\",\"name\":\"A-1850S 18.5'' Android Dokunmatik Bilgisayar - BRN GROUP\",\"isPartOf\":{\"@id\":\"https:\/\/brnteknoloji.com.tr\/#website\"},\"datePublished\":\"2023-08-19T13:58:46+00:00\",\"dateModified\":\"2023-08-19T13:58:47+00:00\",\"breadcrumb\":{\"@id\":\"https:\/\/brnteknoloji.com.tr\/index.php\/urun\/a-1850s-18-5-android-dokunmatik-bilgisayar\/#breadcrumb\"},\"inLanguage\":\"tr\",\"potentialAction\":[{\"@type\":\"ReadAction\",\"target\":[\"https:\/\/brnteknoloji.com.tr\/index.php\/urun\/a-1850s-18-5-android-dokunmatik-bilgisayar\/\"]}]},{\"@type\":\"BreadcrumbList\",\"@id\":\"https:\/\/brnteknoloji.com.tr\/index.php\/urun\/a-1850s-18-5-android-dokunmatik-bilgisayar\/#breadcrumb\",\"itemListElement\":[{\"@type\":\"ListItem\",\"position\":1,\"name\":\"Anasayfa\",\"item\":\"https:\/\/brnteknoloji.com.tr\/\"},{\"@type\":\"ListItem\",\"position\":2,\"name\":\"\u00dcR\u00dcNLER\u0130M\u0130Z\",\"item\":\"https:\/\/brnteknoloji.com.tr\/index.php\/magaza\/\"},{\"@type\":\"ListItem\",\"position\":3,\"name\":\"A-1850S 18.5&#8221; Android Dokunmatik Bilgisayar\"}]},{\"@type\":\"WebSite\",\"@id\":\"https:\/\/brnteknoloji.com.tr\/#website\",\"url\":\"https:\/\/brnteknoloji.com.tr\/\",\"name\":\"BRN GROUP\",\"description\":\"\",\"publisher\":{\"@id\":\"https:\/\/brnteknoloji.com.tr\/#organization\"},\"potentialAction\":[{\"@type\":\"SearchAction\",\"target\":{\"@type\":\"EntryPoint\",\"urlTemplate\":\"https:\/\/brnteknoloji.com.tr\/?s={search_term_string}\"},\"query-input\":\"required name=search_term_string\"}],\"inLanguage\":\"tr\"},{\"@type\":\"Organization\",\"@id\":\"https:\/\/brnteknoloji.com.tr\/#organization\",\"name\":\"BRN GROUP\",\"url\":\"https:\/\/brnteknoloji.com.tr\/\",\"logo\":{\"@type\":\"ImageObject\",\"inLanguage\":\"tr\",\"@id\":\"https:\/\/brnteknoloji.com.tr\/#\/schema\/logo\/image\/\",\"url\":\"https:\/\/brnteknoloji.com.tr\/wp-content\/uploads\/2023\/08\/brngroup_logo.png\",\"contentUrl\":\"https:\/\/brnteknoloji.com.tr\/wp-content\/uploads\/2023\/08\/brngroup_logo.png\",\"width\":1022,\"height\":566,\"caption\":\"BRN GROUP\"},\"image\":{\"@id\":\"https:\/\/brnteknoloji.com.tr\/#\/schema\/logo\/image\/\"}}]}<\/script>\n<!-- \/ Yoast SEO plugin. -->","yoast_head_json":{"title":"A-1850S 18.5'' Android Dokunmatik Bilgisayar - BRN GROUP","robots":{"index":"index","follow":"follow","max-snippet":"max-snippet:-1","max-image-preview":"max-image-preview:large","max-video-preview":"max-video-preview:-1"},"canonical":"https:\/\/brnteknoloji.com.tr\/index.php\/urun\/a-1850s-18-5-android-dokunmatik-bilgisayar\/","og_locale":"tr_TR","og_type":"article","og_title":"A-1850S 18.5'' Android Dokunmatik Bilgisayar - BRN GROUP","og_description":"-B\u00fct\u00fcnle\u015fik Ekran -Dokunmatik Ekran; 5 Telli Diren\u00e7li Resistive Dokunmatik -Y\u00fcksek Kaliteli Kasa,Al\u00fcminyum D\u00f6k\u00fcm &#038; Plastik -Rockchip RK3288 Quad Core Cortex-A17 1.8 GHz Processor -Fans\u0131z So\u011futma (Havaland\u0131rma Yok) -\u00c7oklu Ba\u011flant\u0131 Se\u00e7enekleri","og_url":"https:\/\/brnteknoloji.com.tr\/index.php\/urun\/a-1850s-18-5-android-dokunmatik-bilgisayar\/","og_site_name":"BRN GROUP","article_modified_time":"2023-08-19T13:58:47+00:00","og_image":[{"width":1024,"height":683,"url":"https:\/\/brnteknoloji.com.tr\/wp-content\/uploads\/2023\/08\/desmak-06-05-20190782-1024x683-1.png","type":"image\/png"}],"twitter_card":"summary_large_image","schema":{"@context":"https:\/\/schema.org","@graph":[{"@type":"WebPage","@id":"https:\/\/brnteknoloji.com.tr\/index.php\/urun\/a-1850s-18-5-android-dokunmatik-bilgisayar\/","url":"https:\/\/brnteknoloji.com.tr\/index.php\/urun\/a-1850s-18-5-android-dokunmatik-bilgisayar\/","name":"A-1850S 18.5'' Android Dokunmatik Bilgisayar - BRN GROUP","isPartOf":{"@id":"https:\/\/brnteknoloji.com.tr\/#website"},"datePublished":"2023-08-19T13:58:46+00:00","dateModified":"2023-08-19T13:58:47+00:00","breadcrumb":{"@id":"https:\/\/brnteknoloji.com.tr\/index.php\/urun\/a-1850s-18-5-android-dokunmatik-bilgisayar\/#breadcrumb"},"inLanguage":"tr","potentialAction":[{"@type":"ReadAction","target":["https:\/\/brnteknoloji.com.tr\/index.php\/urun\/a-1850s-18-5-android-dokunmatik-bilgisayar\/"]}]},{"@type":"BreadcrumbList","@id":"https:\/\/brnteknoloji.com.tr\/index.php\/urun\/a-1850s-18-5-android-dokunmatik-bilgisayar\/#breadcrumb","itemListElement":[{"@type":"ListItem","position":1,"name":"Anasayfa","item":"https:\/\/brnteknoloji.com.tr\/"},{"@type":"ListItem","position":2,"name":"\u00dcR\u00dcNLER\u0130M\u0130Z","item":"https:\/\/brnteknoloji.com.tr\/index.php\/magaza\/"},{"@type":"ListItem","position":3,"name":"A-1850S 18.5&#8221; Android Dokunmatik Bilgisayar"}]},{"@type":"WebSite","@id":"https:\/\/brnteknoloji.com.tr\/#website","url":"https:\/\/brnteknoloji.com.tr\/","name":"BRN GROUP","description":"","publisher":{"@id":"https:\/\/brnteknoloji.com.tr\/#organization"},"potentialAction":[{"@type":"SearchAction","target":{"@type":"EntryPoint","urlTemplate":"https:\/\/brnteknoloji.com.tr\/?s={search_term_string}"},"query-input":"required name=search_term_string"}],"inLanguage":"tr"},{"@type":"Organization","@id":"https:\/\/brnteknoloji.com.tr\/#organization","name":"BRN GROUP","url":"https:\/\/brnteknoloji.com.tr\/","logo":{"@type":"ImageObject","inLanguage":"tr","@id":"https:\/\/brnteknoloji.com.tr\/#\/schema\/logo\/image\/","url":"https:\/\/brnteknoloji.com.tr\/wp-content\/uploads\/2023\/08\/brngroup_logo.png","contentUrl":"https:\/\/brnteknoloji.com.tr\/wp-content\/uploads\/2023\/08\/brngroup_logo.png","width":1022,"height":566,"caption":"BRN GROUP"},"image":{"@id":"https:\/\/brnteknoloji.com.tr\/#\/schema\/logo\/image\/"}}]}},"_links":{"self":[{"href":"https:\/\/brnteknoloji.com.tr\/index.php\/wp-json\/wp\/v2\/product\/2584","targetHints":{"allow":["GET"]}}],"collection":[{"href":"https:\/\/brnteknoloji.com.tr\/index.php\/wp-json\/wp\/v2\/product"}],"about":[{"href":"https:\/\/brnteknoloji.com.tr\/index.php\/wp-json\/wp\/v2\/types\/product"}],"replies":[{"embeddable":true,"href":"https:\/\/brnteknoloji.com.tr\/index.php\/wp-json\/wp\/v2\/comments?post=2584"}],"wp:featuredmedia":[{"embeddable":true,"href":"https:\/\/brnteknoloji.com.tr\/index.php\/wp-json\/wp\/v2\/media\/2586"}],"wp:attachment":[{"href":"https:\/\/brnteknoloji.com.tr\/index.php\/wp-json\/wp\/v2\/media?parent=2584"}],"wp:term":[{"taxonomy":"product_cat","embeddable":true,"href":"https:\/\/brnteknoloji.com.tr\/index.php\/wp-json\/wp\/v2\/product_cat?post=2584"},{"taxonomy":"product_tag","embeddable":true,"href":"https:\/\/brnteknoloji.com.tr\/index.php\/wp-json\/wp\/v2\/product_tag?post=2584"}],"curies":[{"name":"wp","href":"https:\/\/api.w.org\/{rel}","templated":true}]}}