{"id":2581,"date":"2023-08-19T13:48:08","date_gmt":"2023-08-19T13:48:08","guid":{"rendered":"https:\/\/brnteknoloji.com.tr\/?post_type=product&#038;p=2581"},"modified":"2023-08-19T13:48:09","modified_gmt":"2023-08-19T13:48:09","slug":"5-bolumlu-para-cekmecesi","status":"publish","type":"product","link":"https:\/\/brnteknoloji.com.tr\/index.php\/urun\/5-bolumlu-para-cekmecesi\/","title":{"rendered":"5 B\u00d6L\u00dcML\u00dc PARA \u00c7EKMECES\u0130"},"content":{"rendered":"<table class=\"table\">\n<tbody>\n<tr>\n<td class=\"ikili\">Malzeme<\/td>\n<td class=\"ikili\">\u00c7elik Sac<\/td>\n<\/tr>\n<tr>\n<td class=\"ikili\">Kasa<\/td>\n<td class=\"ikili\">4 Bozuk, 5 Ka\u011f\u0131t Para B\u00f6l\u00fcm\u00fc<\/td>\n<\/tr>\n<tr>\n<td class=\"ikili\">G\u00fc\u00e7 Kayna\u011f\u0131<\/td>\n<td class=\"ikili\">12V veya 24V<\/td>\n<\/tr>\n<tr>\n<td class=\"ikili\">Kilitleme<\/td>\n<td class=\"ikili\">Anahtar<\/td>\n<\/tr>\n<tr>\n<td class=\"ikili\">Aray\u00fcz<\/td>\n<td class=\"ikili\">RJ11<\/td>\n<\/tr>\n<tr>\n<td class=\"ikili\">Boyutlar<\/td>\n<td class=\"ikili\">405 x 420 x 90 mm<\/td>\n<\/tr>\n<tr>\n<td class=\"ikili\">Renk<\/td>\n<td class=\"ikili\">Siyah<\/td>\n<\/tr>\n<\/tbody>\n<\/table>\n","protected":false},"excerpt":{"rendered":"<p>Malzeme \u00c7elik Sac Kasa 4 Bozuk, 5 Ka\u011f\u0131t Para B\u00f6l\u00fcm\u00fc G\u00fc\u00e7 Kayna\u011f\u0131 12V veya 24V Kilitleme Anahtar Aray\u00fcz RJ11 Boyutlar 405 x 420 x 90 mm Renk Siyah<\/p>\n","protected":false},"featured_media":2582,"comment_status":"open","ping_status":"closed","template":"","meta":[],"product_cat":[513],"product_tag":[],"class_list":["post-2581","product","type-product","status-publish","has-post-thumbnail","hentry","product_brand-posclass","product_cat-paracekmeceleri"],"yoast_head":"<!-- This site is optimized with the Yoast SEO plugin v21.5 - https:\/\/yoast.com\/wordpress\/plugins\/seo\/ -->\n<title>5 B\u00d6L\u00dcML\u00dc PARA \u00c7EKMECES\u0130 - BRN GROUP<\/title>\n<meta name=\"robots\" content=\"index, follow, max-snippet:-1, max-image-preview:large, max-video-preview:-1\" \/>\n<link rel=\"canonical\" href=\"https:\/\/brnteknoloji.com.tr\/index.php\/urun\/5-bolumlu-para-cekmecesi\/\" \/>\n<meta property=\"og:locale\" content=\"tr_TR\" \/>\n<meta property=\"og:type\" content=\"article\" \/>\n<meta property=\"og:title\" content=\"5 B\u00d6L\u00dcML\u00dc PARA \u00c7EKMECES\u0130 - BRN GROUP\" \/>\n<meta property=\"og:description\" content=\"Malzeme \u00c7elik Sac Kasa 4 Bozuk, 5 Ka\u011f\u0131t Para B\u00f6l\u00fcm\u00fc G\u00fc\u00e7 Kayna\u011f\u0131 12V veya 24V Kilitleme Anahtar Aray\u00fcz RJ11 Boyutlar 405 x 420 x 90 mm Renk Siyah\" \/>\n<meta property=\"og:url\" content=\"https:\/\/brnteknoloji.com.tr\/index.php\/urun\/5-bolumlu-para-cekmecesi\/\" \/>\n<meta property=\"og:site_name\" content=\"BRN GROUP\" \/>\n<meta property=\"article:modified_time\" content=\"2023-08-19T13:48:09+00:00\" \/>\n<meta property=\"og:image\" content=\"https:\/\/brnteknoloji.com.tr\/wp-content\/uploads\/2023\/08\/p1-2-e1692452728339.png\" \/>\n\t<meta property=\"og:image:width\" content=\"1745\" \/>\n\t<meta property=\"og:image:height\" content=\"1274\" \/>\n\t<meta property=\"og:image:type\" content=\"image\/png\" \/>\n<meta name=\"twitter:card\" content=\"summary_large_image\" \/>\n<meta name=\"twitter:label1\" content=\"Tahmini okuma s\u00fcresi\" \/>\n\t<meta name=\"twitter:data1\" content=\"1 dakika\" \/>\n<script type=\"application\/ld+json\" class=\"yoast-schema-graph\">{\"@context\":\"https:\/\/schema.org\",\"@graph\":[{\"@type\":\"WebPage\",\"@id\":\"https:\/\/brnteknoloji.com.tr\/index.php\/urun\/5-bolumlu-para-cekmecesi\/\",\"url\":\"https:\/\/brnteknoloji.com.tr\/index.php\/urun\/5-bolumlu-para-cekmecesi\/\",\"name\":\"5 B\u00d6L\u00dcML\u00dc PARA \u00c7EKMECES\u0130 - BRN GROUP\",\"isPartOf\":{\"@id\":\"https:\/\/brnteknoloji.com.tr\/#website\"},\"datePublished\":\"2023-08-19T13:48:08+00:00\",\"dateModified\":\"2023-08-19T13:48:09+00:00\",\"breadcrumb\":{\"@id\":\"https:\/\/brnteknoloji.com.tr\/index.php\/urun\/5-bolumlu-para-cekmecesi\/#breadcrumb\"},\"inLanguage\":\"tr\",\"potentialAction\":[{\"@type\":\"ReadAction\",\"target\":[\"https:\/\/brnteknoloji.com.tr\/index.php\/urun\/5-bolumlu-para-cekmecesi\/\"]}]},{\"@type\":\"BreadcrumbList\",\"@id\":\"https:\/\/brnteknoloji.com.tr\/index.php\/urun\/5-bolumlu-para-cekmecesi\/#breadcrumb\",\"itemListElement\":[{\"@type\":\"ListItem\",\"position\":1,\"name\":\"Anasayfa\",\"item\":\"https:\/\/brnteknoloji.com.tr\/\"},{\"@type\":\"ListItem\",\"position\":2,\"name\":\"\u00dcR\u00dcNLER\u0130M\u0130Z\",\"item\":\"https:\/\/brnteknoloji.com.tr\/index.php\/magaza\/\"},{\"@type\":\"ListItem\",\"position\":3,\"name\":\"5 B\u00d6L\u00dcML\u00dc PARA \u00c7EKMECES\u0130\"}]},{\"@type\":\"WebSite\",\"@id\":\"https:\/\/brnteknoloji.com.tr\/#website\",\"url\":\"https:\/\/brnteknoloji.com.tr\/\",\"name\":\"BRN GROUP\",\"description\":\"\",\"publisher\":{\"@id\":\"https:\/\/brnteknoloji.com.tr\/#organization\"},\"potentialAction\":[{\"@type\":\"SearchAction\",\"target\":{\"@type\":\"EntryPoint\",\"urlTemplate\":\"https:\/\/brnteknoloji.com.tr\/?s={search_term_string}\"},\"query-input\":\"required name=search_term_string\"}],\"inLanguage\":\"tr\"},{\"@type\":\"Organization\",\"@id\":\"https:\/\/brnteknoloji.com.tr\/#organization\",\"name\":\"BRN GROUP\",\"url\":\"https:\/\/brnteknoloji.com.tr\/\",\"logo\":{\"@type\":\"ImageObject\",\"inLanguage\":\"tr\",\"@id\":\"https:\/\/brnteknoloji.com.tr\/#\/schema\/logo\/image\/\",\"url\":\"https:\/\/brnteknoloji.com.tr\/wp-content\/uploads\/2023\/08\/brngroup_logo.png\",\"contentUrl\":\"https:\/\/brnteknoloji.com.tr\/wp-content\/uploads\/2023\/08\/brngroup_logo.png\",\"width\":1022,\"height\":566,\"caption\":\"BRN GROUP\"},\"image\":{\"@id\":\"https:\/\/brnteknoloji.com.tr\/#\/schema\/logo\/image\/\"}}]}<\/script>\n<!-- \/ Yoast SEO plugin. -->","yoast_head_json":{"title":"5 B\u00d6L\u00dcML\u00dc PARA \u00c7EKMECES\u0130 - BRN GROUP","robots":{"index":"index","follow":"follow","max-snippet":"max-snippet:-1","max-image-preview":"max-image-preview:large","max-video-preview":"max-video-preview:-1"},"canonical":"https:\/\/brnteknoloji.com.tr\/index.php\/urun\/5-bolumlu-para-cekmecesi\/","og_locale":"tr_TR","og_type":"article","og_title":"5 B\u00d6L\u00dcML\u00dc PARA \u00c7EKMECES\u0130 - BRN GROUP","og_description":"Malzeme \u00c7elik Sac Kasa 4 Bozuk, 5 Ka\u011f\u0131t Para B\u00f6l\u00fcm\u00fc G\u00fc\u00e7 Kayna\u011f\u0131 12V veya 24V Kilitleme Anahtar Aray\u00fcz RJ11 Boyutlar 405 x 420 x 90 mm Renk Siyah","og_url":"https:\/\/brnteknoloji.com.tr\/index.php\/urun\/5-bolumlu-para-cekmecesi\/","og_site_name":"BRN GROUP","article_modified_time":"2023-08-19T13:48:09+00:00","og_image":[{"width":1745,"height":1274,"url":"https:\/\/brnteknoloji.com.tr\/wp-content\/uploads\/2023\/08\/p1-2-e1692452728339.png","type":"image\/png"}],"twitter_card":"summary_large_image","twitter_misc":{"Tahmini okuma s\u00fcresi":"1 dakika"},"schema":{"@context":"https:\/\/schema.org","@graph":[{"@type":"WebPage","@id":"https:\/\/brnteknoloji.com.tr\/index.php\/urun\/5-bolumlu-para-cekmecesi\/","url":"https:\/\/brnteknoloji.com.tr\/index.php\/urun\/5-bolumlu-para-cekmecesi\/","name":"5 B\u00d6L\u00dcML\u00dc PARA \u00c7EKMECES\u0130 - BRN GROUP","isPartOf":{"@id":"https:\/\/brnteknoloji.com.tr\/#website"},"datePublished":"2023-08-19T13:48:08+00:00","dateModified":"2023-08-19T13:48:09+00:00","breadcrumb":{"@id":"https:\/\/brnteknoloji.com.tr\/index.php\/urun\/5-bolumlu-para-cekmecesi\/#breadcrumb"},"inLanguage":"tr","potentialAction":[{"@type":"ReadAction","target":["https:\/\/brnteknoloji.com.tr\/index.php\/urun\/5-bolumlu-para-cekmecesi\/"]}]},{"@type":"BreadcrumbList","@id":"https:\/\/brnteknoloji.com.tr\/index.php\/urun\/5-bolumlu-para-cekmecesi\/#breadcrumb","itemListElement":[{"@type":"ListItem","position":1,"name":"Anasayfa","item":"https:\/\/brnteknoloji.com.tr\/"},{"@type":"ListItem","position":2,"name":"\u00dcR\u00dcNLER\u0130M\u0130Z","item":"https:\/\/brnteknoloji.com.tr\/index.php\/magaza\/"},{"@type":"ListItem","position":3,"name":"5 B\u00d6L\u00dcML\u00dc PARA \u00c7EKMECES\u0130"}]},{"@type":"WebSite","@id":"https:\/\/brnteknoloji.com.tr\/#website","url":"https:\/\/brnteknoloji.com.tr\/","name":"BRN GROUP","description":"","publisher":{"@id":"https:\/\/brnteknoloji.com.tr\/#organization"},"potentialAction":[{"@type":"SearchAction","target":{"@type":"EntryPoint","urlTemplate":"https:\/\/brnteknoloji.com.tr\/?s={search_term_string}"},"query-input":"required name=search_term_string"}],"inLanguage":"tr"},{"@type":"Organization","@id":"https:\/\/brnteknoloji.com.tr\/#organization","name":"BRN GROUP","url":"https:\/\/brnteknoloji.com.tr\/","logo":{"@type":"ImageObject","inLanguage":"tr","@id":"https:\/\/brnteknoloji.com.tr\/#\/schema\/logo\/image\/","url":"https:\/\/brnteknoloji.com.tr\/wp-content\/uploads\/2023\/08\/brngroup_logo.png","contentUrl":"https:\/\/brnteknoloji.com.tr\/wp-content\/uploads\/2023\/08\/brngroup_logo.png","width":1022,"height":566,"caption":"BRN GROUP"},"image":{"@id":"https:\/\/brnteknoloji.com.tr\/#\/schema\/logo\/image\/"}}]}},"_links":{"self":[{"href":"https:\/\/brnteknoloji.com.tr\/index.php\/wp-json\/wp\/v2\/product\/2581","targetHints":{"allow":["GET"]}}],"collection":[{"href":"https:\/\/brnteknoloji.com.tr\/index.php\/wp-json\/wp\/v2\/product"}],"about":[{"href":"https:\/\/brnteknoloji.com.tr\/index.php\/wp-json\/wp\/v2\/types\/product"}],"replies":[{"embeddable":true,"href":"https:\/\/brnteknoloji.com.tr\/index.php\/wp-json\/wp\/v2\/comments?post=2581"}],"wp:featuredmedia":[{"embeddable":true,"href":"https:\/\/brnteknoloji.com.tr\/index.php\/wp-json\/wp\/v2\/media\/2582"}],"wp:attachment":[{"href":"https:\/\/brnteknoloji.com.tr\/index.php\/wp-json\/wp\/v2\/media?parent=2581"}],"wp:term":[{"taxonomy":"product_cat","embeddable":true,"href":"https:\/\/brnteknoloji.com.tr\/index.php\/wp-json\/wp\/v2\/product_cat?post=2581"},{"taxonomy":"product_tag","embeddable":true,"href":"https:\/\/brnteknoloji.com.tr\/index.php\/wp-json\/wp\/v2\/product_tag?post=2581"}],"curies":[{"name":"wp","href":"https:\/\/api.w.org\/{rel}","templated":true}]}}