{"id":2571,"date":"2023-08-19T13:32:02","date_gmt":"2023-08-19T13:32:02","guid":{"rendered":"https:\/\/brnteknoloji.com.tr\/?post_type=product&#038;p=2571"},"modified":"2023-08-19T13:32:03","modified_gmt":"2023-08-19T13:32:03","slug":"ppc-1850m-18-5-panel-pc","status":"publish","type":"product","link":"https:\/\/brnteknoloji.com.tr\/index.php\/urun\/ppc-1850m-18-5-panel-pc\/","title":{"rendered":"PPC-1850M 18.5&#8221; PANEL PC"},"content":{"rendered":"<p>-B\u00fct\u00fcnle\u015fik Ekran<br \/>\n-Multi Touch Dokunmatik Ekran ; 10 Parmak<br \/>\n-Y\u00fcksek Kaliteli Kasa; Al\u00fcminyum D\u00f6k\u00fcm &amp; Plastik<br \/>\n-Se\u00e7ilebilir Farkl\u0131 CPU S\u0131n\u0131flar\u0131 (BayTrail J1900,Core-I3 \/ I5 \/ I7)<br \/>\n-\u00c7oklu Ba\u011flant\u0131 Se\u00e7enekleri 4 x USB 2.0, 2 x USB 3.0, 1 x Ethernet, 2 x RS232<br \/>\n-D\u0131\u015fardan Eri\u015filebilir 2.5&#8221; HDD veya SSD S\u00fcr\u00fcc\u00fc Yuvas\u0131<br \/>\n-\u0130ste\u011fe Ba\u011fl\u0131 10.1&#8221; Ekran; VFD Deste\u011fi<br \/>\n-Vesa Montaj Yuvalar\u0131<br \/>\n-2 Y\u0131l Garanti<\/p>\n","protected":false},"excerpt":{"rendered":"<p>-B\u00fct\u00fcnle\u015fik Ekran -Multi Touch Dokunmatik Ekran ; 10 Parmak -Y\u00fcksek Kaliteli Kasa; Al\u00fcminyum D\u00f6k\u00fcm &amp; Plastik -Se\u00e7ilebilir Farkl\u0131 CPU S\u0131n\u0131flar\u0131 (BayTrail J1900,Core-I3 \/ I5 \/ I7) -\u00c7oklu Ba\u011flant\u0131 Se\u00e7enekleri 4<\/p>\n","protected":false},"featured_media":2572,"comment_status":"open","ping_status":"closed","template":"","meta":[],"product_cat":[508],"product_tag":[],"class_list":["post-2571","product","type-product","status-publish","has-post-thumbnail","hentry","product_brand-posclass","product_cat-panelpc"],"yoast_head":"<!-- This site is optimized with the Yoast SEO plugin v21.5 - https:\/\/yoast.com\/wordpress\/plugins\/seo\/ -->\n<title>PPC-1850M 18.5&#039;&#039; PANEL PC - BRN GROUP<\/title>\n<meta name=\"robots\" content=\"index, follow, max-snippet:-1, max-image-preview:large, max-video-preview:-1\" \/>\n<link rel=\"canonical\" href=\"https:\/\/brnteknoloji.com.tr\/index.php\/urun\/ppc-1850m-18-5-panel-pc\/\" \/>\n<meta property=\"og:locale\" content=\"tr_TR\" \/>\n<meta property=\"og:type\" content=\"article\" \/>\n<meta property=\"og:title\" content=\"PPC-1850M 18.5&#039;&#039; PANEL PC - BRN GROUP\" \/>\n<meta property=\"og:description\" content=\"-B\u00fct\u00fcnle\u015fik Ekran -Multi Touch Dokunmatik Ekran ; 10 Parmak -Y\u00fcksek Kaliteli Kasa; Al\u00fcminyum D\u00f6k\u00fcm &amp; Plastik -Se\u00e7ilebilir Farkl\u0131 CPU S\u0131n\u0131flar\u0131 (BayTrail J1900,Core-I3 \/ I5 \/ I7) -\u00c7oklu Ba\u011flant\u0131 Se\u00e7enekleri 4\" \/>\n<meta property=\"og:url\" content=\"https:\/\/brnteknoloji.com.tr\/index.php\/urun\/ppc-1850m-18-5-panel-pc\/\" \/>\n<meta property=\"og:site_name\" content=\"BRN GROUP\" \/>\n<meta property=\"article:modified_time\" content=\"2023-08-19T13:32:03+00:00\" \/>\n<meta property=\"og:image\" content=\"https:\/\/brnteknoloji.com.tr\/wp-content\/uploads\/2023\/08\/admin-ajax.jpg\" \/>\n\t<meta property=\"og:image:width\" content=\"400\" \/>\n\t<meta property=\"og:image:height\" content=\"400\" \/>\n\t<meta property=\"og:image:type\" content=\"image\/jpeg\" \/>\n<meta name=\"twitter:card\" content=\"summary_large_image\" \/>\n<meta name=\"twitter:label1\" content=\"Tahmini okuma s\u00fcresi\" \/>\n\t<meta name=\"twitter:data1\" content=\"1 dakika\" \/>\n<script type=\"application\/ld+json\" class=\"yoast-schema-graph\">{\"@context\":\"https:\/\/schema.org\",\"@graph\":[{\"@type\":\"WebPage\",\"@id\":\"https:\/\/brnteknoloji.com.tr\/index.php\/urun\/ppc-1850m-18-5-panel-pc\/\",\"url\":\"https:\/\/brnteknoloji.com.tr\/index.php\/urun\/ppc-1850m-18-5-panel-pc\/\",\"name\":\"PPC-1850M 18.5'' PANEL PC - BRN GROUP\",\"isPartOf\":{\"@id\":\"https:\/\/brnteknoloji.com.tr\/#website\"},\"datePublished\":\"2023-08-19T13:32:02+00:00\",\"dateModified\":\"2023-08-19T13:32:03+00:00\",\"breadcrumb\":{\"@id\":\"https:\/\/brnteknoloji.com.tr\/index.php\/urun\/ppc-1850m-18-5-panel-pc\/#breadcrumb\"},\"inLanguage\":\"tr\",\"potentialAction\":[{\"@type\":\"ReadAction\",\"target\":[\"https:\/\/brnteknoloji.com.tr\/index.php\/urun\/ppc-1850m-18-5-panel-pc\/\"]}]},{\"@type\":\"BreadcrumbList\",\"@id\":\"https:\/\/brnteknoloji.com.tr\/index.php\/urun\/ppc-1850m-18-5-panel-pc\/#breadcrumb\",\"itemListElement\":[{\"@type\":\"ListItem\",\"position\":1,\"name\":\"Anasayfa\",\"item\":\"https:\/\/brnteknoloji.com.tr\/\"},{\"@type\":\"ListItem\",\"position\":2,\"name\":\"\u00dcR\u00dcNLER\u0130M\u0130Z\",\"item\":\"https:\/\/brnteknoloji.com.tr\/index.php\/magaza\/\"},{\"@type\":\"ListItem\",\"position\":3,\"name\":\"PPC-1850M 18.5&#8221; PANEL PC\"}]},{\"@type\":\"WebSite\",\"@id\":\"https:\/\/brnteknoloji.com.tr\/#website\",\"url\":\"https:\/\/brnteknoloji.com.tr\/\",\"name\":\"BRN GROUP\",\"description\":\"\",\"publisher\":{\"@id\":\"https:\/\/brnteknoloji.com.tr\/#organization\"},\"potentialAction\":[{\"@type\":\"SearchAction\",\"target\":{\"@type\":\"EntryPoint\",\"urlTemplate\":\"https:\/\/brnteknoloji.com.tr\/?s={search_term_string}\"},\"query-input\":\"required name=search_term_string\"}],\"inLanguage\":\"tr\"},{\"@type\":\"Organization\",\"@id\":\"https:\/\/brnteknoloji.com.tr\/#organization\",\"name\":\"BRN GROUP\",\"url\":\"https:\/\/brnteknoloji.com.tr\/\",\"logo\":{\"@type\":\"ImageObject\",\"inLanguage\":\"tr\",\"@id\":\"https:\/\/brnteknoloji.com.tr\/#\/schema\/logo\/image\/\",\"url\":\"https:\/\/brnteknoloji.com.tr\/wp-content\/uploads\/2023\/08\/brngroup_logo.png\",\"contentUrl\":\"https:\/\/brnteknoloji.com.tr\/wp-content\/uploads\/2023\/08\/brngroup_logo.png\",\"width\":1022,\"height\":566,\"caption\":\"BRN GROUP\"},\"image\":{\"@id\":\"https:\/\/brnteknoloji.com.tr\/#\/schema\/logo\/image\/\"}}]}<\/script>\n<!-- \/ Yoast SEO plugin. -->","yoast_head_json":{"title":"PPC-1850M 18.5'' PANEL PC - BRN GROUP","robots":{"index":"index","follow":"follow","max-snippet":"max-snippet:-1","max-image-preview":"max-image-preview:large","max-video-preview":"max-video-preview:-1"},"canonical":"https:\/\/brnteknoloji.com.tr\/index.php\/urun\/ppc-1850m-18-5-panel-pc\/","og_locale":"tr_TR","og_type":"article","og_title":"PPC-1850M 18.5'' PANEL PC - BRN GROUP","og_description":"-B\u00fct\u00fcnle\u015fik Ekran -Multi Touch Dokunmatik Ekran ; 10 Parmak -Y\u00fcksek Kaliteli Kasa; Al\u00fcminyum D\u00f6k\u00fcm &amp; Plastik -Se\u00e7ilebilir Farkl\u0131 CPU S\u0131n\u0131flar\u0131 (BayTrail J1900,Core-I3 \/ I5 \/ I7) -\u00c7oklu Ba\u011flant\u0131 Se\u00e7enekleri 4","og_url":"https:\/\/brnteknoloji.com.tr\/index.php\/urun\/ppc-1850m-18-5-panel-pc\/","og_site_name":"BRN GROUP","article_modified_time":"2023-08-19T13:32:03+00:00","og_image":[{"width":400,"height":400,"url":"https:\/\/brnteknoloji.com.tr\/wp-content\/uploads\/2023\/08\/admin-ajax.jpg","type":"image\/jpeg"}],"twitter_card":"summary_large_image","twitter_misc":{"Tahmini okuma s\u00fcresi":"1 dakika"},"schema":{"@context":"https:\/\/schema.org","@graph":[{"@type":"WebPage","@id":"https:\/\/brnteknoloji.com.tr\/index.php\/urun\/ppc-1850m-18-5-panel-pc\/","url":"https:\/\/brnteknoloji.com.tr\/index.php\/urun\/ppc-1850m-18-5-panel-pc\/","name":"PPC-1850M 18.5'' PANEL PC - BRN GROUP","isPartOf":{"@id":"https:\/\/brnteknoloji.com.tr\/#website"},"datePublished":"2023-08-19T13:32:02+00:00","dateModified":"2023-08-19T13:32:03+00:00","breadcrumb":{"@id":"https:\/\/brnteknoloji.com.tr\/index.php\/urun\/ppc-1850m-18-5-panel-pc\/#breadcrumb"},"inLanguage":"tr","potentialAction":[{"@type":"ReadAction","target":["https:\/\/brnteknoloji.com.tr\/index.php\/urun\/ppc-1850m-18-5-panel-pc\/"]}]},{"@type":"BreadcrumbList","@id":"https:\/\/brnteknoloji.com.tr\/index.php\/urun\/ppc-1850m-18-5-panel-pc\/#breadcrumb","itemListElement":[{"@type":"ListItem","position":1,"name":"Anasayfa","item":"https:\/\/brnteknoloji.com.tr\/"},{"@type":"ListItem","position":2,"name":"\u00dcR\u00dcNLER\u0130M\u0130Z","item":"https:\/\/brnteknoloji.com.tr\/index.php\/magaza\/"},{"@type":"ListItem","position":3,"name":"PPC-1850M 18.5&#8221; PANEL PC"}]},{"@type":"WebSite","@id":"https:\/\/brnteknoloji.com.tr\/#website","url":"https:\/\/brnteknoloji.com.tr\/","name":"BRN GROUP","description":"","publisher":{"@id":"https:\/\/brnteknoloji.com.tr\/#organization"},"potentialAction":[{"@type":"SearchAction","target":{"@type":"EntryPoint","urlTemplate":"https:\/\/brnteknoloji.com.tr\/?s={search_term_string}"},"query-input":"required name=search_term_string"}],"inLanguage":"tr"},{"@type":"Organization","@id":"https:\/\/brnteknoloji.com.tr\/#organization","name":"BRN GROUP","url":"https:\/\/brnteknoloji.com.tr\/","logo":{"@type":"ImageObject","inLanguage":"tr","@id":"https:\/\/brnteknoloji.com.tr\/#\/schema\/logo\/image\/","url":"https:\/\/brnteknoloji.com.tr\/wp-content\/uploads\/2023\/08\/brngroup_logo.png","contentUrl":"https:\/\/brnteknoloji.com.tr\/wp-content\/uploads\/2023\/08\/brngroup_logo.png","width":1022,"height":566,"caption":"BRN GROUP"},"image":{"@id":"https:\/\/brnteknoloji.com.tr\/#\/schema\/logo\/image\/"}}]}},"_links":{"self":[{"href":"https:\/\/brnteknoloji.com.tr\/index.php\/wp-json\/wp\/v2\/product\/2571","targetHints":{"allow":["GET"]}}],"collection":[{"href":"https:\/\/brnteknoloji.com.tr\/index.php\/wp-json\/wp\/v2\/product"}],"about":[{"href":"https:\/\/brnteknoloji.com.tr\/index.php\/wp-json\/wp\/v2\/types\/product"}],"replies":[{"embeddable":true,"href":"https:\/\/brnteknoloji.com.tr\/index.php\/wp-json\/wp\/v2\/comments?post=2571"}],"wp:featuredmedia":[{"embeddable":true,"href":"https:\/\/brnteknoloji.com.tr\/index.php\/wp-json\/wp\/v2\/media\/2572"}],"wp:attachment":[{"href":"https:\/\/brnteknoloji.com.tr\/index.php\/wp-json\/wp\/v2\/media?parent=2571"}],"wp:term":[{"taxonomy":"product_cat","embeddable":true,"href":"https:\/\/brnteknoloji.com.tr\/index.php\/wp-json\/wp\/v2\/product_cat?post=2571"},{"taxonomy":"product_tag","embeddable":true,"href":"https:\/\/brnteknoloji.com.tr\/index.php\/wp-json\/wp\/v2\/product_tag?post=2571"}],"curies":[{"name":"wp","href":"https:\/\/api.w.org\/{rel}","templated":true}]}}