{"id":2412,"date":"2023-08-17T22:40:33","date_gmt":"2023-08-17T22:40:33","guid":{"rendered":"https:\/\/brnteknoloji.com.tr\/?post_type=product&#038;p=2412"},"modified":"2023-08-17T22:40:34","modified_gmt":"2023-08-17T22:40:34","slug":"zywell-zy-910-direkt-termal-barkod-etiket-yazici-ethernetusbseri","status":"publish","type":"product","link":"https:\/\/brnteknoloji.com.tr\/index.php\/urun\/zywell-zy-910-direkt-termal-barkod-etiket-yazici-ethernetusbseri\/","title":{"rendered":"ZYWELL ZY-910 DIREKT TERMAL BARKOD ETIKET YAZICI ETHERNET*USB*SER\u0130"},"content":{"rendered":"","protected":false},"excerpt":{"rendered":"","protected":false},"featured_media":2413,"comment_status":"open","ping_status":"closed","template":"","meta":[],"product_cat":[511],"product_tag":[],"class_list":["post-2412","product","type-product","status-publish","has-post-thumbnail","hentry","product_brand-zywell","product_cat-termalyazicilar"],"yoast_head":"<!-- This site is optimized with the Yoast SEO plugin v21.5 - https:\/\/yoast.com\/wordpress\/plugins\/seo\/ -->\n<title>ZYWELL ZY-910 DIREKT TERMAL BARKOD ETIKET YAZICI ETHERNET*USB*SER\u0130 - BRN GROUP<\/title>\n<meta name=\"robots\" content=\"index, follow, max-snippet:-1, max-image-preview:large, max-video-preview:-1\" \/>\n<link rel=\"canonical\" href=\"https:\/\/brnteknoloji.com.tr\/index.php\/urun\/zywell-zy-910-direkt-termal-barkod-etiket-yazici-ethernetusbseri\/\" \/>\n<meta property=\"og:locale\" content=\"tr_TR\" \/>\n<meta property=\"og:type\" content=\"article\" \/>\n<meta property=\"og:title\" content=\"ZYWELL ZY-910 DIREKT TERMAL BARKOD ETIKET YAZICI ETHERNET*USB*SER\u0130 - BRN GROUP\" \/>\n<meta property=\"og:url\" content=\"https:\/\/brnteknoloji.com.tr\/index.php\/urun\/zywell-zy-910-direkt-termal-barkod-etiket-yazici-ethernetusbseri\/\" \/>\n<meta property=\"og:site_name\" content=\"BRN GROUP\" \/>\n<meta property=\"article:modified_time\" content=\"2023-08-17T22:40:34+00:00\" \/>\n<meta property=\"og:image\" content=\"https:\/\/brnteknoloji.com.tr\/wp-content\/uploads\/2023\/08\/ZY9101.png\" \/>\n\t<meta property=\"og:image:width\" content=\"1000\" \/>\n\t<meta property=\"og:image:height\" content=\"800\" \/>\n\t<meta property=\"og:image:type\" content=\"image\/png\" \/>\n<meta name=\"twitter:card\" content=\"summary_large_image\" \/>\n<script type=\"application\/ld+json\" class=\"yoast-schema-graph\">{\"@context\":\"https:\/\/schema.org\",\"@graph\":[{\"@type\":\"WebPage\",\"@id\":\"https:\/\/brnteknoloji.com.tr\/index.php\/urun\/zywell-zy-910-direkt-termal-barkod-etiket-yazici-ethernetusbseri\/\",\"url\":\"https:\/\/brnteknoloji.com.tr\/index.php\/urun\/zywell-zy-910-direkt-termal-barkod-etiket-yazici-ethernetusbseri\/\",\"name\":\"ZYWELL ZY-910 DIREKT TERMAL BARKOD ETIKET YAZICI ETHERNET*USB*SER\u0130 - BRN GROUP\",\"isPartOf\":{\"@id\":\"https:\/\/brnteknoloji.com.tr\/#website\"},\"datePublished\":\"2023-08-17T22:40:33+00:00\",\"dateModified\":\"2023-08-17T22:40:34+00:00\",\"breadcrumb\":{\"@id\":\"https:\/\/brnteknoloji.com.tr\/index.php\/urun\/zywell-zy-910-direkt-termal-barkod-etiket-yazici-ethernetusbseri\/#breadcrumb\"},\"inLanguage\":\"tr\",\"potentialAction\":[{\"@type\":\"ReadAction\",\"target\":[\"https:\/\/brnteknoloji.com.tr\/index.php\/urun\/zywell-zy-910-direkt-termal-barkod-etiket-yazici-ethernetusbseri\/\"]}]},{\"@type\":\"BreadcrumbList\",\"@id\":\"https:\/\/brnteknoloji.com.tr\/index.php\/urun\/zywell-zy-910-direkt-termal-barkod-etiket-yazici-ethernetusbseri\/#breadcrumb\",\"itemListElement\":[{\"@type\":\"ListItem\",\"position\":1,\"name\":\"Anasayfa\",\"item\":\"https:\/\/brnteknoloji.com.tr\/\"},{\"@type\":\"ListItem\",\"position\":2,\"name\":\"\u00dcR\u00dcNLER\u0130M\u0130Z\",\"item\":\"https:\/\/brnteknoloji.com.tr\/index.php\/magaza\/\"},{\"@type\":\"ListItem\",\"position\":3,\"name\":\"ZYWELL ZY-910 DIREKT TERMAL BARKOD ETIKET YAZICI ETHERNET*USB*SER\u0130\"}]},{\"@type\":\"WebSite\",\"@id\":\"https:\/\/brnteknoloji.com.tr\/#website\",\"url\":\"https:\/\/brnteknoloji.com.tr\/\",\"name\":\"BRN GROUP\",\"description\":\"\",\"publisher\":{\"@id\":\"https:\/\/brnteknoloji.com.tr\/#organization\"},\"potentialAction\":[{\"@type\":\"SearchAction\",\"target\":{\"@type\":\"EntryPoint\",\"urlTemplate\":\"https:\/\/brnteknoloji.com.tr\/?s={search_term_string}\"},\"query-input\":\"required name=search_term_string\"}],\"inLanguage\":\"tr\"},{\"@type\":\"Organization\",\"@id\":\"https:\/\/brnteknoloji.com.tr\/#organization\",\"name\":\"BRN GROUP\",\"url\":\"https:\/\/brnteknoloji.com.tr\/\",\"logo\":{\"@type\":\"ImageObject\",\"inLanguage\":\"tr\",\"@id\":\"https:\/\/brnteknoloji.com.tr\/#\/schema\/logo\/image\/\",\"url\":\"https:\/\/brnteknoloji.com.tr\/wp-content\/uploads\/2023\/08\/brngroup_logo.png\",\"contentUrl\":\"https:\/\/brnteknoloji.com.tr\/wp-content\/uploads\/2023\/08\/brngroup_logo.png\",\"width\":1022,\"height\":566,\"caption\":\"BRN GROUP\"},\"image\":{\"@id\":\"https:\/\/brnteknoloji.com.tr\/#\/schema\/logo\/image\/\"}}]}<\/script>\n<!-- \/ Yoast SEO plugin. -->","yoast_head_json":{"title":"ZYWELL ZY-910 DIREKT TERMAL BARKOD ETIKET YAZICI ETHERNET*USB*SER\u0130 - BRN GROUP","robots":{"index":"index","follow":"follow","max-snippet":"max-snippet:-1","max-image-preview":"max-image-preview:large","max-video-preview":"max-video-preview:-1"},"canonical":"https:\/\/brnteknoloji.com.tr\/index.php\/urun\/zywell-zy-910-direkt-termal-barkod-etiket-yazici-ethernetusbseri\/","og_locale":"tr_TR","og_type":"article","og_title":"ZYWELL ZY-910 DIREKT TERMAL BARKOD ETIKET YAZICI ETHERNET*USB*SER\u0130 - BRN GROUP","og_url":"https:\/\/brnteknoloji.com.tr\/index.php\/urun\/zywell-zy-910-direkt-termal-barkod-etiket-yazici-ethernetusbseri\/","og_site_name":"BRN GROUP","article_modified_time":"2023-08-17T22:40:34+00:00","og_image":[{"width":1000,"height":800,"url":"https:\/\/brnteknoloji.com.tr\/wp-content\/uploads\/2023\/08\/ZY9101.png","type":"image\/png"}],"twitter_card":"summary_large_image","schema":{"@context":"https:\/\/schema.org","@graph":[{"@type":"WebPage","@id":"https:\/\/brnteknoloji.com.tr\/index.php\/urun\/zywell-zy-910-direkt-termal-barkod-etiket-yazici-ethernetusbseri\/","url":"https:\/\/brnteknoloji.com.tr\/index.php\/urun\/zywell-zy-910-direkt-termal-barkod-etiket-yazici-ethernetusbseri\/","name":"ZYWELL ZY-910 DIREKT TERMAL BARKOD ETIKET YAZICI ETHERNET*USB*SER\u0130 - BRN GROUP","isPartOf":{"@id":"https:\/\/brnteknoloji.com.tr\/#website"},"datePublished":"2023-08-17T22:40:33+00:00","dateModified":"2023-08-17T22:40:34+00:00","breadcrumb":{"@id":"https:\/\/brnteknoloji.com.tr\/index.php\/urun\/zywell-zy-910-direkt-termal-barkod-etiket-yazici-ethernetusbseri\/#breadcrumb"},"inLanguage":"tr","potentialAction":[{"@type":"ReadAction","target":["https:\/\/brnteknoloji.com.tr\/index.php\/urun\/zywell-zy-910-direkt-termal-barkod-etiket-yazici-ethernetusbseri\/"]}]},{"@type":"BreadcrumbList","@id":"https:\/\/brnteknoloji.com.tr\/index.php\/urun\/zywell-zy-910-direkt-termal-barkod-etiket-yazici-ethernetusbseri\/#breadcrumb","itemListElement":[{"@type":"ListItem","position":1,"name":"Anasayfa","item":"https:\/\/brnteknoloji.com.tr\/"},{"@type":"ListItem","position":2,"name":"\u00dcR\u00dcNLER\u0130M\u0130Z","item":"https:\/\/brnteknoloji.com.tr\/index.php\/magaza\/"},{"@type":"ListItem","position":3,"name":"ZYWELL ZY-910 DIREKT TERMAL BARKOD ETIKET YAZICI ETHERNET*USB*SER\u0130"}]},{"@type":"WebSite","@id":"https:\/\/brnteknoloji.com.tr\/#website","url":"https:\/\/brnteknoloji.com.tr\/","name":"BRN GROUP","description":"","publisher":{"@id":"https:\/\/brnteknoloji.com.tr\/#organization"},"potentialAction":[{"@type":"SearchAction","target":{"@type":"EntryPoint","urlTemplate":"https:\/\/brnteknoloji.com.tr\/?s={search_term_string}"},"query-input":"required name=search_term_string"}],"inLanguage":"tr"},{"@type":"Organization","@id":"https:\/\/brnteknoloji.com.tr\/#organization","name":"BRN GROUP","url":"https:\/\/brnteknoloji.com.tr\/","logo":{"@type":"ImageObject","inLanguage":"tr","@id":"https:\/\/brnteknoloji.com.tr\/#\/schema\/logo\/image\/","url":"https:\/\/brnteknoloji.com.tr\/wp-content\/uploads\/2023\/08\/brngroup_logo.png","contentUrl":"https:\/\/brnteknoloji.com.tr\/wp-content\/uploads\/2023\/08\/brngroup_logo.png","width":1022,"height":566,"caption":"BRN GROUP"},"image":{"@id":"https:\/\/brnteknoloji.com.tr\/#\/schema\/logo\/image\/"}}]}},"_links":{"self":[{"href":"https:\/\/brnteknoloji.com.tr\/index.php\/wp-json\/wp\/v2\/product\/2412","targetHints":{"allow":["GET"]}}],"collection":[{"href":"https:\/\/brnteknoloji.com.tr\/index.php\/wp-json\/wp\/v2\/product"}],"about":[{"href":"https:\/\/brnteknoloji.com.tr\/index.php\/wp-json\/wp\/v2\/types\/product"}],"replies":[{"embeddable":true,"href":"https:\/\/brnteknoloji.com.tr\/index.php\/wp-json\/wp\/v2\/comments?post=2412"}],"wp:featuredmedia":[{"embeddable":true,"href":"https:\/\/brnteknoloji.com.tr\/index.php\/wp-json\/wp\/v2\/media\/2413"}],"wp:attachment":[{"href":"https:\/\/brnteknoloji.com.tr\/index.php\/wp-json\/wp\/v2\/media?parent=2412"}],"wp:term":[{"taxonomy":"product_cat","embeddable":true,"href":"https:\/\/brnteknoloji.com.tr\/index.php\/wp-json\/wp\/v2\/product_cat?post=2412"},{"taxonomy":"product_tag","embeddable":true,"href":"https:\/\/brnteknoloji.com.tr\/index.php\/wp-json\/wp\/v2\/product_tag?post=2412"}],"curies":[{"name":"wp","href":"https:\/\/api.w.org\/{rel}","templated":true}]}}