{"id":2397,"date":"2023-08-17T22:25:23","date_gmt":"2023-08-17T22:25:23","guid":{"rendered":"https:\/\/brnteknoloji.com.tr\/?post_type=product&#038;p=2397"},"modified":"2023-08-17T22:25:27","modified_gmt":"2023-08-17T22:25:27","slug":"zywell-zm-01-mobil-termal-yazici-usb-seri-bluetooth","status":"publish","type":"product","link":"https:\/\/brnteknoloji.com.tr\/index.php\/urun\/zywell-zm-01-mobil-termal-yazici-usb-seri-bluetooth\/","title":{"rendered":"ZYWELL ZM-01 MOBIL TERMAL YAZICI USB &#038; SERI &#038; BLUETOOTH"},"content":{"rendered":"<p>Zywell kablosuz ta\u015f\u0131nabilir mini termal yaz\u0131c\u0131 80mm bluetooth mobil makbuz yaz\u0131c\u0131s\u0131 ZM01&#8217;in kolay kullan\u0131ml\u0131 pazar taraf\u0131ndan sevilmesinin nedeni, y\u00fcksek teknoloji ara\u015ft\u0131rma ve geli\u015ftirmeye verilen \u00f6nemdir. Ayr\u0131ca pazardaki her t\u00fcrl\u00fc m\u00fc\u015fteriye hitap etmesi gerekiyor. \u00dcr\u00fcn Ar-Ge&#8217;sinde aylarca s\u00fcren \u00e7abalar\u0131m\u0131z sonunda meyvesini verdi. Art\u0131k firmam\u0131z\u0131n en yeni \u00fcr\u00fcn serisidir. G\u00fcn\u00fcm\u00fcz \u00e7a\u011f\u0131nda, Zywell kablosuz ta\u015f\u0131nabilir mini termal yaz\u0131c\u0131 80mm bluetooth mobil makbuz yaz\u0131c\u0131s\u0131 ZM01 kolay kullan\u0131m, Yaz\u0131c\u0131lar alan\u0131nda\/alanlar\u0131nda de\u011ferini kan\u0131tlam\u0131\u015ft\u0131r. \u00d6n\u00fcm\u00fczdeki on y\u0131lda ve sonras\u0131nda geli\u015fmeye devam etmemizi sa\u011flamak i\u00e7in teknoloji yeteneklerimizi geli\u015ftirmeye ve sekt\u00f6rde daha fazla yetenek toplamaya odaklanmal\u0131y\u0131z.<\/p>\n","protected":false},"excerpt":{"rendered":"<p>Zywell kablosuz ta\u015f\u0131nabilir mini termal yaz\u0131c\u0131 80mm bluetooth mobil makbuz yaz\u0131c\u0131s\u0131 ZM01&#8217;in kolay kullan\u0131ml\u0131 pazar taraf\u0131ndan sevilmesinin nedeni, y\u00fcksek teknoloji ara\u015ft\u0131rma ve geli\u015ftirmeye verilen \u00f6nemdir. Ayr\u0131ca pazardaki her t\u00fcrl\u00fc m\u00fc\u015fteriye<\/p>\n","protected":false},"featured_media":2398,"comment_status":"open","ping_status":"closed","template":"","meta":[],"product_cat":[512],"product_tag":[],"class_list":["post-2397","product","type-product","status-publish","has-post-thumbnail","hentry","product_brand-zywell","product_cat-fisyazicilari"],"yoast_head":"<!-- This site is optimized with the Yoast SEO plugin v21.5 - https:\/\/yoast.com\/wordpress\/plugins\/seo\/ -->\n<title>ZYWELL ZM-01 MOBIL TERMAL YAZICI USB &amp; SERI &amp; BLUETOOTH - BRN GROUP<\/title>\n<meta name=\"robots\" content=\"index, follow, max-snippet:-1, max-image-preview:large, max-video-preview:-1\" \/>\n<link rel=\"canonical\" href=\"https:\/\/brnteknoloji.com.tr\/index.php\/urun\/zywell-zm-01-mobil-termal-yazici-usb-seri-bluetooth\/\" \/>\n<meta property=\"og:locale\" content=\"tr_TR\" \/>\n<meta property=\"og:type\" content=\"article\" \/>\n<meta property=\"og:title\" content=\"ZYWELL ZM-01 MOBIL TERMAL YAZICI USB &amp; SERI &amp; BLUETOOTH - BRN GROUP\" \/>\n<meta property=\"og:description\" content=\"Zywell kablosuz ta\u015f\u0131nabilir mini termal yaz\u0131c\u0131 80mm bluetooth mobil makbuz yaz\u0131c\u0131s\u0131 ZM01&#8217;in kolay kullan\u0131ml\u0131 pazar taraf\u0131ndan sevilmesinin nedeni, y\u00fcksek teknoloji ara\u015ft\u0131rma ve geli\u015ftirmeye verilen \u00f6nemdir. Ayr\u0131ca pazardaki her t\u00fcrl\u00fc m\u00fc\u015fteriye\" \/>\n<meta property=\"og:url\" content=\"https:\/\/brnteknoloji.com.tr\/index.php\/urun\/zywell-zm-01-mobil-termal-yazici-usb-seri-bluetooth\/\" \/>\n<meta property=\"og:site_name\" content=\"BRN GROUP\" \/>\n<meta property=\"article:modified_time\" content=\"2023-08-17T22:25:27+00:00\" \/>\n<meta property=\"og:image\" content=\"https:\/\/brnteknoloji.com.tr\/wp-content\/uploads\/2023\/08\/ZM015.png\" \/>\n\t<meta property=\"og:image:width\" content=\"1000\" \/>\n\t<meta property=\"og:image:height\" content=\"800\" \/>\n\t<meta property=\"og:image:type\" content=\"image\/png\" \/>\n<meta name=\"twitter:card\" content=\"summary_large_image\" \/>\n<meta name=\"twitter:label1\" content=\"Tahmini okuma s\u00fcresi\" \/>\n\t<meta name=\"twitter:data1\" content=\"1 dakika\" \/>\n<script type=\"application\/ld+json\" class=\"yoast-schema-graph\">{\"@context\":\"https:\/\/schema.org\",\"@graph\":[{\"@type\":\"WebPage\",\"@id\":\"https:\/\/brnteknoloji.com.tr\/index.php\/urun\/zywell-zm-01-mobil-termal-yazici-usb-seri-bluetooth\/\",\"url\":\"https:\/\/brnteknoloji.com.tr\/index.php\/urun\/zywell-zm-01-mobil-termal-yazici-usb-seri-bluetooth\/\",\"name\":\"ZYWELL ZM-01 MOBIL TERMAL YAZICI USB & SERI & BLUETOOTH - BRN GROUP\",\"isPartOf\":{\"@id\":\"https:\/\/brnteknoloji.com.tr\/#website\"},\"datePublished\":\"2023-08-17T22:25:23+00:00\",\"dateModified\":\"2023-08-17T22:25:27+00:00\",\"breadcrumb\":{\"@id\":\"https:\/\/brnteknoloji.com.tr\/index.php\/urun\/zywell-zm-01-mobil-termal-yazici-usb-seri-bluetooth\/#breadcrumb\"},\"inLanguage\":\"tr\",\"potentialAction\":[{\"@type\":\"ReadAction\",\"target\":[\"https:\/\/brnteknoloji.com.tr\/index.php\/urun\/zywell-zm-01-mobil-termal-yazici-usb-seri-bluetooth\/\"]}]},{\"@type\":\"BreadcrumbList\",\"@id\":\"https:\/\/brnteknoloji.com.tr\/index.php\/urun\/zywell-zm-01-mobil-termal-yazici-usb-seri-bluetooth\/#breadcrumb\",\"itemListElement\":[{\"@type\":\"ListItem\",\"position\":1,\"name\":\"Anasayfa\",\"item\":\"https:\/\/brnteknoloji.com.tr\/\"},{\"@type\":\"ListItem\",\"position\":2,\"name\":\"\u00dcR\u00dcNLER\u0130M\u0130Z\",\"item\":\"https:\/\/brnteknoloji.com.tr\/index.php\/magaza\/\"},{\"@type\":\"ListItem\",\"position\":3,\"name\":\"ZYWELL ZM-01 MOBIL TERMAL YAZICI USB &#038; SERI &#038; BLUETOOTH\"}]},{\"@type\":\"WebSite\",\"@id\":\"https:\/\/brnteknoloji.com.tr\/#website\",\"url\":\"https:\/\/brnteknoloji.com.tr\/\",\"name\":\"BRN GROUP\",\"description\":\"\",\"publisher\":{\"@id\":\"https:\/\/brnteknoloji.com.tr\/#organization\"},\"potentialAction\":[{\"@type\":\"SearchAction\",\"target\":{\"@type\":\"EntryPoint\",\"urlTemplate\":\"https:\/\/brnteknoloji.com.tr\/?s={search_term_string}\"},\"query-input\":\"required name=search_term_string\"}],\"inLanguage\":\"tr\"},{\"@type\":\"Organization\",\"@id\":\"https:\/\/brnteknoloji.com.tr\/#organization\",\"name\":\"BRN GROUP\",\"url\":\"https:\/\/brnteknoloji.com.tr\/\",\"logo\":{\"@type\":\"ImageObject\",\"inLanguage\":\"tr\",\"@id\":\"https:\/\/brnteknoloji.com.tr\/#\/schema\/logo\/image\/\",\"url\":\"https:\/\/brnteknoloji.com.tr\/wp-content\/uploads\/2023\/08\/brngroup_logo.png\",\"contentUrl\":\"https:\/\/brnteknoloji.com.tr\/wp-content\/uploads\/2023\/08\/brngroup_logo.png\",\"width\":1022,\"height\":566,\"caption\":\"BRN GROUP\"},\"image\":{\"@id\":\"https:\/\/brnteknoloji.com.tr\/#\/schema\/logo\/image\/\"}}]}<\/script>\n<!-- \/ Yoast SEO plugin. -->","yoast_head_json":{"title":"ZYWELL ZM-01 MOBIL TERMAL YAZICI USB & SERI & BLUETOOTH - BRN GROUP","robots":{"index":"index","follow":"follow","max-snippet":"max-snippet:-1","max-image-preview":"max-image-preview:large","max-video-preview":"max-video-preview:-1"},"canonical":"https:\/\/brnteknoloji.com.tr\/index.php\/urun\/zywell-zm-01-mobil-termal-yazici-usb-seri-bluetooth\/","og_locale":"tr_TR","og_type":"article","og_title":"ZYWELL ZM-01 MOBIL TERMAL YAZICI USB & SERI & BLUETOOTH - BRN GROUP","og_description":"Zywell kablosuz ta\u015f\u0131nabilir mini termal yaz\u0131c\u0131 80mm bluetooth mobil makbuz yaz\u0131c\u0131s\u0131 ZM01&#8217;in kolay kullan\u0131ml\u0131 pazar taraf\u0131ndan sevilmesinin nedeni, y\u00fcksek teknoloji ara\u015ft\u0131rma ve geli\u015ftirmeye verilen \u00f6nemdir. Ayr\u0131ca pazardaki her t\u00fcrl\u00fc m\u00fc\u015fteriye","og_url":"https:\/\/brnteknoloji.com.tr\/index.php\/urun\/zywell-zm-01-mobil-termal-yazici-usb-seri-bluetooth\/","og_site_name":"BRN GROUP","article_modified_time":"2023-08-17T22:25:27+00:00","og_image":[{"width":1000,"height":800,"url":"https:\/\/brnteknoloji.com.tr\/wp-content\/uploads\/2023\/08\/ZM015.png","type":"image\/png"}],"twitter_card":"summary_large_image","twitter_misc":{"Tahmini okuma s\u00fcresi":"1 dakika"},"schema":{"@context":"https:\/\/schema.org","@graph":[{"@type":"WebPage","@id":"https:\/\/brnteknoloji.com.tr\/index.php\/urun\/zywell-zm-01-mobil-termal-yazici-usb-seri-bluetooth\/","url":"https:\/\/brnteknoloji.com.tr\/index.php\/urun\/zywell-zm-01-mobil-termal-yazici-usb-seri-bluetooth\/","name":"ZYWELL ZM-01 MOBIL TERMAL YAZICI USB & SERI & BLUETOOTH - BRN GROUP","isPartOf":{"@id":"https:\/\/brnteknoloji.com.tr\/#website"},"datePublished":"2023-08-17T22:25:23+00:00","dateModified":"2023-08-17T22:25:27+00:00","breadcrumb":{"@id":"https:\/\/brnteknoloji.com.tr\/index.php\/urun\/zywell-zm-01-mobil-termal-yazici-usb-seri-bluetooth\/#breadcrumb"},"inLanguage":"tr","potentialAction":[{"@type":"ReadAction","target":["https:\/\/brnteknoloji.com.tr\/index.php\/urun\/zywell-zm-01-mobil-termal-yazici-usb-seri-bluetooth\/"]}]},{"@type":"BreadcrumbList","@id":"https:\/\/brnteknoloji.com.tr\/index.php\/urun\/zywell-zm-01-mobil-termal-yazici-usb-seri-bluetooth\/#breadcrumb","itemListElement":[{"@type":"ListItem","position":1,"name":"Anasayfa","item":"https:\/\/brnteknoloji.com.tr\/"},{"@type":"ListItem","position":2,"name":"\u00dcR\u00dcNLER\u0130M\u0130Z","item":"https:\/\/brnteknoloji.com.tr\/index.php\/magaza\/"},{"@type":"ListItem","position":3,"name":"ZYWELL ZM-01 MOBIL TERMAL YAZICI USB &#038; SERI &#038; BLUETOOTH"}]},{"@type":"WebSite","@id":"https:\/\/brnteknoloji.com.tr\/#website","url":"https:\/\/brnteknoloji.com.tr\/","name":"BRN GROUP","description":"","publisher":{"@id":"https:\/\/brnteknoloji.com.tr\/#organization"},"potentialAction":[{"@type":"SearchAction","target":{"@type":"EntryPoint","urlTemplate":"https:\/\/brnteknoloji.com.tr\/?s={search_term_string}"},"query-input":"required name=search_term_string"}],"inLanguage":"tr"},{"@type":"Organization","@id":"https:\/\/brnteknoloji.com.tr\/#organization","name":"BRN GROUP","url":"https:\/\/brnteknoloji.com.tr\/","logo":{"@type":"ImageObject","inLanguage":"tr","@id":"https:\/\/brnteknoloji.com.tr\/#\/schema\/logo\/image\/","url":"https:\/\/brnteknoloji.com.tr\/wp-content\/uploads\/2023\/08\/brngroup_logo.png","contentUrl":"https:\/\/brnteknoloji.com.tr\/wp-content\/uploads\/2023\/08\/brngroup_logo.png","width":1022,"height":566,"caption":"BRN GROUP"},"image":{"@id":"https:\/\/brnteknoloji.com.tr\/#\/schema\/logo\/image\/"}}]}},"_links":{"self":[{"href":"https:\/\/brnteknoloji.com.tr\/index.php\/wp-json\/wp\/v2\/product\/2397","targetHints":{"allow":["GET"]}}],"collection":[{"href":"https:\/\/brnteknoloji.com.tr\/index.php\/wp-json\/wp\/v2\/product"}],"about":[{"href":"https:\/\/brnteknoloji.com.tr\/index.php\/wp-json\/wp\/v2\/types\/product"}],"replies":[{"embeddable":true,"href":"https:\/\/brnteknoloji.com.tr\/index.php\/wp-json\/wp\/v2\/comments?post=2397"}],"wp:featuredmedia":[{"embeddable":true,"href":"https:\/\/brnteknoloji.com.tr\/index.php\/wp-json\/wp\/v2\/media\/2398"}],"wp:attachment":[{"href":"https:\/\/brnteknoloji.com.tr\/index.php\/wp-json\/wp\/v2\/media?parent=2397"}],"wp:term":[{"taxonomy":"product_cat","embeddable":true,"href":"https:\/\/brnteknoloji.com.tr\/index.php\/wp-json\/wp\/v2\/product_cat?post=2397"},{"taxonomy":"product_tag","embeddable":true,"href":"https:\/\/brnteknoloji.com.tr\/index.php\/wp-json\/wp\/v2\/product_tag?post=2397"}],"curies":[{"name":"wp","href":"https:\/\/api.w.org\/{rel}","templated":true}]}}