{"id":2388,"date":"2023-08-17T22:16:06","date_gmt":"2023-08-17T22:16:06","guid":{"rendered":"https:\/\/brnteknoloji.com.tr\/?post_type=product&#038;p=2388"},"modified":"2023-08-17T22:16:07","modified_gmt":"2023-08-17T22:16:07","slug":"zywell-zy-306-termal-yazici-eth-usb-seri","status":"publish","type":"product","link":"https:\/\/brnteknoloji.com.tr\/index.php\/urun\/zywell-zy-306-termal-yazici-eth-usb-seri\/","title":{"rendered":"ZYWELL ZY-306 TERMAL YAZICI ETH &#038; USB &#038; SER\u0130"},"content":{"rendered":"<p>Termal fi\u015f yaz\u0131c\u0131 y\u00fcksek bask\u0131 h\u0131z\u0131, y\u00fcksek g\u00fcvenilirlik ve ekonomik i\u015fletim \u00f6zellikleri ile tan\u0131nan bir yaz\u0131c\u0131d\u0131r. Bu yaz\u0131c\u0131n\u0131n en \u00f6nemli \u00f6zelli\u011fi termal ka\u011f\u0131d\u0131n \u0131s\u0131tarak herhangi bir \u015feride ihtiya\u00e7 duymadan bask\u0131s\u0131n\u0131n yap\u0131labilmesidir. Bu yaz\u0131c\u0131lar h\u0131zl\u0131 i\u015flem yap\u0131labildi\u011fi i\u00e7in \u00f6zellikle tercih edilmektedir.<\/p>\n","protected":false},"excerpt":{"rendered":"<p>Termal fi\u015f yaz\u0131c\u0131 y\u00fcksek bask\u0131 h\u0131z\u0131, y\u00fcksek g\u00fcvenilirlik ve ekonomik i\u015fletim \u00f6zellikleri ile tan\u0131nan bir yaz\u0131c\u0131d\u0131r. Bu yaz\u0131c\u0131n\u0131n en \u00f6nemli \u00f6zelli\u011fi termal ka\u011f\u0131d\u0131n \u0131s\u0131tarak herhangi bir \u015feride ihtiya\u00e7 duymadan bask\u0131s\u0131n\u0131n<\/p>\n","protected":false},"featured_media":2389,"comment_status":"open","ping_status":"closed","template":"","meta":[],"product_cat":[512],"product_tag":[],"class_list":["post-2388","product","type-product","status-publish","has-post-thumbnail","hentry","product_brand-zywell","product_cat-fisyazicilari"],"yoast_head":"<!-- This site is optimized with the Yoast SEO plugin v21.5 - https:\/\/yoast.com\/wordpress\/plugins\/seo\/ -->\n<title>ZYWELL ZY-306 TERMAL YAZICI ETH &amp; USB &amp; SER\u0130 - BRN GROUP<\/title>\n<meta name=\"robots\" content=\"index, follow, max-snippet:-1, max-image-preview:large, max-video-preview:-1\" \/>\n<link rel=\"canonical\" href=\"https:\/\/brnteknoloji.com.tr\/index.php\/urun\/zywell-zy-306-termal-yazici-eth-usb-seri\/\" \/>\n<meta property=\"og:locale\" content=\"tr_TR\" \/>\n<meta property=\"og:type\" content=\"article\" \/>\n<meta property=\"og:title\" content=\"ZYWELL ZY-306 TERMAL YAZICI ETH &amp; USB &amp; SER\u0130 - BRN GROUP\" \/>\n<meta property=\"og:description\" content=\"Termal fi\u015f yaz\u0131c\u0131 y\u00fcksek bask\u0131 h\u0131z\u0131, y\u00fcksek g\u00fcvenilirlik ve ekonomik i\u015fletim \u00f6zellikleri ile tan\u0131nan bir yaz\u0131c\u0131d\u0131r. Bu yaz\u0131c\u0131n\u0131n en \u00f6nemli \u00f6zelli\u011fi termal ka\u011f\u0131d\u0131n \u0131s\u0131tarak herhangi bir \u015feride ihtiya\u00e7 duymadan bask\u0131s\u0131n\u0131n\" \/>\n<meta property=\"og:url\" content=\"https:\/\/brnteknoloji.com.tr\/index.php\/urun\/zywell-zy-306-termal-yazici-eth-usb-seri\/\" \/>\n<meta property=\"og:site_name\" content=\"BRN GROUP\" \/>\n<meta property=\"article:modified_time\" content=\"2023-08-17T22:16:07+00:00\" \/>\n<meta property=\"og:image\" content=\"https:\/\/brnteknoloji.com.tr\/wp-content\/uploads\/2023\/08\/ZY3061.png\" \/>\n\t<meta property=\"og:image:width\" content=\"1000\" \/>\n\t<meta property=\"og:image:height\" content=\"800\" \/>\n\t<meta property=\"og:image:type\" content=\"image\/png\" \/>\n<meta name=\"twitter:card\" content=\"summary_large_image\" \/>\n<meta name=\"twitter:label1\" content=\"Tahmini okuma s\u00fcresi\" \/>\n\t<meta name=\"twitter:data1\" content=\"1 dakika\" \/>\n<script type=\"application\/ld+json\" class=\"yoast-schema-graph\">{\"@context\":\"https:\/\/schema.org\",\"@graph\":[{\"@type\":\"WebPage\",\"@id\":\"https:\/\/brnteknoloji.com.tr\/index.php\/urun\/zywell-zy-306-termal-yazici-eth-usb-seri\/\",\"url\":\"https:\/\/brnteknoloji.com.tr\/index.php\/urun\/zywell-zy-306-termal-yazici-eth-usb-seri\/\",\"name\":\"ZYWELL ZY-306 TERMAL YAZICI ETH & USB & SER\u0130 - BRN GROUP\",\"isPartOf\":{\"@id\":\"https:\/\/brnteknoloji.com.tr\/#website\"},\"datePublished\":\"2023-08-17T22:16:06+00:00\",\"dateModified\":\"2023-08-17T22:16:07+00:00\",\"breadcrumb\":{\"@id\":\"https:\/\/brnteknoloji.com.tr\/index.php\/urun\/zywell-zy-306-termal-yazici-eth-usb-seri\/#breadcrumb\"},\"inLanguage\":\"tr\",\"potentialAction\":[{\"@type\":\"ReadAction\",\"target\":[\"https:\/\/brnteknoloji.com.tr\/index.php\/urun\/zywell-zy-306-termal-yazici-eth-usb-seri\/\"]}]},{\"@type\":\"BreadcrumbList\",\"@id\":\"https:\/\/brnteknoloji.com.tr\/index.php\/urun\/zywell-zy-306-termal-yazici-eth-usb-seri\/#breadcrumb\",\"itemListElement\":[{\"@type\":\"ListItem\",\"position\":1,\"name\":\"Anasayfa\",\"item\":\"https:\/\/brnteknoloji.com.tr\/\"},{\"@type\":\"ListItem\",\"position\":2,\"name\":\"\u00dcR\u00dcNLER\u0130M\u0130Z\",\"item\":\"https:\/\/brnteknoloji.com.tr\/index.php\/magaza\/\"},{\"@type\":\"ListItem\",\"position\":3,\"name\":\"ZYWELL ZY-306 TERMAL YAZICI ETH &#038; USB &#038; SER\u0130\"}]},{\"@type\":\"WebSite\",\"@id\":\"https:\/\/brnteknoloji.com.tr\/#website\",\"url\":\"https:\/\/brnteknoloji.com.tr\/\",\"name\":\"BRN GROUP\",\"description\":\"\",\"publisher\":{\"@id\":\"https:\/\/brnteknoloji.com.tr\/#organization\"},\"potentialAction\":[{\"@type\":\"SearchAction\",\"target\":{\"@type\":\"EntryPoint\",\"urlTemplate\":\"https:\/\/brnteknoloji.com.tr\/?s={search_term_string}\"},\"query-input\":\"required name=search_term_string\"}],\"inLanguage\":\"tr\"},{\"@type\":\"Organization\",\"@id\":\"https:\/\/brnteknoloji.com.tr\/#organization\",\"name\":\"BRN GROUP\",\"url\":\"https:\/\/brnteknoloji.com.tr\/\",\"logo\":{\"@type\":\"ImageObject\",\"inLanguage\":\"tr\",\"@id\":\"https:\/\/brnteknoloji.com.tr\/#\/schema\/logo\/image\/\",\"url\":\"https:\/\/brnteknoloji.com.tr\/wp-content\/uploads\/2023\/08\/brngroup_logo.png\",\"contentUrl\":\"https:\/\/brnteknoloji.com.tr\/wp-content\/uploads\/2023\/08\/brngroup_logo.png\",\"width\":1022,\"height\":566,\"caption\":\"BRN GROUP\"},\"image\":{\"@id\":\"https:\/\/brnteknoloji.com.tr\/#\/schema\/logo\/image\/\"}}]}<\/script>\n<!-- \/ Yoast SEO plugin. -->","yoast_head_json":{"title":"ZYWELL ZY-306 TERMAL YAZICI ETH & USB & SER\u0130 - BRN GROUP","robots":{"index":"index","follow":"follow","max-snippet":"max-snippet:-1","max-image-preview":"max-image-preview:large","max-video-preview":"max-video-preview:-1"},"canonical":"https:\/\/brnteknoloji.com.tr\/index.php\/urun\/zywell-zy-306-termal-yazici-eth-usb-seri\/","og_locale":"tr_TR","og_type":"article","og_title":"ZYWELL ZY-306 TERMAL YAZICI ETH & USB & SER\u0130 - BRN GROUP","og_description":"Termal fi\u015f yaz\u0131c\u0131 y\u00fcksek bask\u0131 h\u0131z\u0131, y\u00fcksek g\u00fcvenilirlik ve ekonomik i\u015fletim \u00f6zellikleri ile tan\u0131nan bir yaz\u0131c\u0131d\u0131r. Bu yaz\u0131c\u0131n\u0131n en \u00f6nemli \u00f6zelli\u011fi termal ka\u011f\u0131d\u0131n \u0131s\u0131tarak herhangi bir \u015feride ihtiya\u00e7 duymadan bask\u0131s\u0131n\u0131n","og_url":"https:\/\/brnteknoloji.com.tr\/index.php\/urun\/zywell-zy-306-termal-yazici-eth-usb-seri\/","og_site_name":"BRN GROUP","article_modified_time":"2023-08-17T22:16:07+00:00","og_image":[{"width":1000,"height":800,"url":"https:\/\/brnteknoloji.com.tr\/wp-content\/uploads\/2023\/08\/ZY3061.png","type":"image\/png"}],"twitter_card":"summary_large_image","twitter_misc":{"Tahmini okuma s\u00fcresi":"1 dakika"},"schema":{"@context":"https:\/\/schema.org","@graph":[{"@type":"WebPage","@id":"https:\/\/brnteknoloji.com.tr\/index.php\/urun\/zywell-zy-306-termal-yazici-eth-usb-seri\/","url":"https:\/\/brnteknoloji.com.tr\/index.php\/urun\/zywell-zy-306-termal-yazici-eth-usb-seri\/","name":"ZYWELL ZY-306 TERMAL YAZICI ETH & USB & SER\u0130 - BRN GROUP","isPartOf":{"@id":"https:\/\/brnteknoloji.com.tr\/#website"},"datePublished":"2023-08-17T22:16:06+00:00","dateModified":"2023-08-17T22:16:07+00:00","breadcrumb":{"@id":"https:\/\/brnteknoloji.com.tr\/index.php\/urun\/zywell-zy-306-termal-yazici-eth-usb-seri\/#breadcrumb"},"inLanguage":"tr","potentialAction":[{"@type":"ReadAction","target":["https:\/\/brnteknoloji.com.tr\/index.php\/urun\/zywell-zy-306-termal-yazici-eth-usb-seri\/"]}]},{"@type":"BreadcrumbList","@id":"https:\/\/brnteknoloji.com.tr\/index.php\/urun\/zywell-zy-306-termal-yazici-eth-usb-seri\/#breadcrumb","itemListElement":[{"@type":"ListItem","position":1,"name":"Anasayfa","item":"https:\/\/brnteknoloji.com.tr\/"},{"@type":"ListItem","position":2,"name":"\u00dcR\u00dcNLER\u0130M\u0130Z","item":"https:\/\/brnteknoloji.com.tr\/index.php\/magaza\/"},{"@type":"ListItem","position":3,"name":"ZYWELL ZY-306 TERMAL YAZICI ETH &#038; USB &#038; SER\u0130"}]},{"@type":"WebSite","@id":"https:\/\/brnteknoloji.com.tr\/#website","url":"https:\/\/brnteknoloji.com.tr\/","name":"BRN GROUP","description":"","publisher":{"@id":"https:\/\/brnteknoloji.com.tr\/#organization"},"potentialAction":[{"@type":"SearchAction","target":{"@type":"EntryPoint","urlTemplate":"https:\/\/brnteknoloji.com.tr\/?s={search_term_string}"},"query-input":"required name=search_term_string"}],"inLanguage":"tr"},{"@type":"Organization","@id":"https:\/\/brnteknoloji.com.tr\/#organization","name":"BRN GROUP","url":"https:\/\/brnteknoloji.com.tr\/","logo":{"@type":"ImageObject","inLanguage":"tr","@id":"https:\/\/brnteknoloji.com.tr\/#\/schema\/logo\/image\/","url":"https:\/\/brnteknoloji.com.tr\/wp-content\/uploads\/2023\/08\/brngroup_logo.png","contentUrl":"https:\/\/brnteknoloji.com.tr\/wp-content\/uploads\/2023\/08\/brngroup_logo.png","width":1022,"height":566,"caption":"BRN GROUP"},"image":{"@id":"https:\/\/brnteknoloji.com.tr\/#\/schema\/logo\/image\/"}}]}},"_links":{"self":[{"href":"https:\/\/brnteknoloji.com.tr\/index.php\/wp-json\/wp\/v2\/product\/2388","targetHints":{"allow":["GET"]}}],"collection":[{"href":"https:\/\/brnteknoloji.com.tr\/index.php\/wp-json\/wp\/v2\/product"}],"about":[{"href":"https:\/\/brnteknoloji.com.tr\/index.php\/wp-json\/wp\/v2\/types\/product"}],"replies":[{"embeddable":true,"href":"https:\/\/brnteknoloji.com.tr\/index.php\/wp-json\/wp\/v2\/comments?post=2388"}],"wp:featuredmedia":[{"embeddable":true,"href":"https:\/\/brnteknoloji.com.tr\/index.php\/wp-json\/wp\/v2\/media\/2389"}],"wp:attachment":[{"href":"https:\/\/brnteknoloji.com.tr\/index.php\/wp-json\/wp\/v2\/media?parent=2388"}],"wp:term":[{"taxonomy":"product_cat","embeddable":true,"href":"https:\/\/brnteknoloji.com.tr\/index.php\/wp-json\/wp\/v2\/product_cat?post=2388"},{"taxonomy":"product_tag","embeddable":true,"href":"https:\/\/brnteknoloji.com.tr\/index.php\/wp-json\/wp\/v2\/product_tag?post=2388"}],"curies":[{"name":"wp","href":"https:\/\/api.w.org\/{rel}","templated":true}]}}